{"id":2322,"date":"2022-09-10T15:46:35","date_gmt":"2022-09-10T12:46:35","guid":{"rendered":"https:\/\/siljakeranen.fi\/blogi\/?page_id=2322"},"modified":"2025-11-14T13:58:05","modified_gmt":"2025-11-14T11:58:05","slug":"cv","status":"publish","type":"page","link":"https:\/\/siljakeranen.fi\/blogi\/cv\/","title":{"rendered":"CV"},"content":{"rendered":"<p>T\u00e4\u00e4lt\u00e4 l\u00f6yd\u00e4t nykyiset ja aiemmat tekemiseni tiivistetysti.&nbsp;<\/p>\n<h2><span style=\"color: #008000;\">Koulutus<\/span><\/h2>\n<p>Diplomi-insin\u00f6\u00f6ri, Oulun yliopisto, 2007.<\/p>\n<ul>\n<li>Ymp\u00e4rist\u00f6nsuojelutekniikka. Diplomity\u00f6 Raahen ja Koverharin ter\u00e4stehtaiden kuonien liukoisuus ja siihen vaikuttavat tekij\u00e4t.&nbsp;<\/li>\n<li>Yleisarvosana: oivallinen.<\/li>\n<li>Vaihto-opiskelu: National University of Singapore (NUS), kev\u00e4t 2007.<\/li>\n<\/ul>\n<p>Ylioppilas, Linnan lukio, Kajaani. 2002.&nbsp;<\/p>\n<h2><span style=\"color: #008000;\">Luottamustoimet politiikassa<\/span><\/h2>\n<p>Puolueessa<br \/>\n2025 -&gt; Maaseutu- ja er\u00e4vihreiden varapuheenjohtaja<br \/>\n2023-25 Puolueen varapuheenjohtaja<br \/>\n2016-23 Kainuun vihreiden varapuheenjohtaja<br \/>\n2019-23 Vihreiden puoluevaltuuston (aiemmin puoluevaltuuskunta) puheenjohtaja<br \/>\n2015-19 Puoluevaltuuskunnan j\u00e4sen<br \/>\n2015-19 ja 2023 Maaseutu- ja er\u00e4vihreiden puheenjohtaja<br \/>\n2017-19 Maatalouspoliittisen ty\u00f6ryhm\u00e4n puheenjohtaja<\/p>\n<p>Kajaanissa<br \/>\n2013 -&gt; Kajaanin kaupunginvaltuuston j\u00e4sen<br \/>\n2013-25 Kajaanin kaupunginhallituksen j\u00e4sen<br \/>\n2017-25 Elinkeinojaoston j\u00e4sen<br \/>\n2022 -&gt; Konsernijaoston j\u00e4sen<br \/>\n2013-16 &amp; 2021 -&gt; Kaupunginhallituksen edustaja Kajaanin Veden johtokunnassa<\/p>\n<p>Kainuussa<br \/>\n2025 -&gt; Kainuun maakuntahallituksen j\u00e4sen<br \/>\n2013-25 Kainuun maakuntavaltuuston j\u00e4sen<br \/>\n2021-25 Kainuun liiton tarkastuslautakunnan puheenjohtaja<br \/>\n2022 -&gt; Kainuun hyvinvointialueen aluevaltuuston j\u00e4sen<\/p>\n<p>2020-22 Kainuun sosiaali- ja terveydenhuollon kuntayhtym\u00e4n valtuuston j\u00e4sen<br \/>\n2017-21 Kainuun liiton tarkastuslautakunnan varapuheenjohtaja<\/p>\n<p>&nbsp;<\/p>\n<h2><span style=\"color: #008000;\">Ty\u00f6kokemus<\/span><\/h2>\n<p>2019 -&gt; Projektiasiantuntija \/ projektip\u00e4\u00e4llikk\u00f6, Kajaanin ammattikorkeakoulu<\/p>\n<p>2012-19 Projektip\u00e4\u00e4llikk\u00f6, Kainuu Etu Oy (ty\u00f6suhde oli muutamassa p\u00e4tk\u00e4ss\u00e4 ja v\u00e4lill\u00e4 olin hetki\u00e4 ty\u00f6tt\u00f6m\u00e4n\u00e4, toisaalla t\u00f6iss\u00e4 tai vanhempainvapaalla)<br \/>\n2015-16 Ymp\u00e4rist\u00f6insin\u00f6\u00f6ri, Teollisuustaito Oy<\/p>\n<p>2009-12: Junior Scientific Officer, Euroopan kemikaalivirasto<br \/>\n2008-09: Koulutusp\u00e4\u00e4llikk\u00f6, AEL&nbsp;<\/p>\n<p>Aiemmat ty\u00f6t, kes\u00e4ty\u00f6t, harjoittelut ja sivutoimiset ty\u00f6t: Oulun yliopisto \/ prosessi- ja ymp\u00e4rist\u00f6tekniikan osasto, Kainuun ymp\u00e4rist\u00f6keskus, Akkukauppa Kemppainen Oy, Kajaanin seurakunta ja Kajaanin Elo.<\/p>\n<p>&nbsp;<\/p>\n<h2><span style=\"color: #008000;\">Sivutoimet<\/span><\/h2>\n<p>2018-22 Maaseudun Tulevaisuuden kolumnisti<\/p>\n<p>2021 Miss\u00e4 syrj\u00e4 sijaitsee? &#8211; Kun Kaupunki ei ole kaikki -kirjailija.&nbsp;<\/p>\n<p>2020-&gt; Hallituksen j\u00e4sen ja toimitusjohtaja Insin\u00f6\u00f6ripalvelut Ker\u00e4nen Oy (aiemmin Lieke Sovellukset Oy).&nbsp;<\/p>\n<h2><span style=\"color: #008000;\">Muut luottamustoimet<\/span><\/h2>\n<p>Partiossa<br \/>\n2011 Suomen Partiolaisten hallituksen j\u00e4sen<br \/>\n2004-11 Erilaisia teht\u00e4vi\u00e4 keskusj\u00e4rjest\u00f6ss\u00e4 (vartioik\u00e4isten jaosto, koulutusvaliokunta, aluevaliokunta)<br \/>\n2003 &amp; 2013-14 Kajaanin Korvenpoikien lippukunnanjohtaja<\/p>\n<p>Mets\u00e4nhoitoyhdistyksess\u00e4<br \/>\n2021-&gt; Mets\u00e4nhoitoyhdistys Savotan valtuuston j\u00e4sen<\/p>\n<p>Ainej\u00e4rjest\u00f6ss\u00e4<br \/>\n2004-5 Ymp\u00e4rist\u00f6rakentajakillan sihteeri<\/p>\n<div style=\"padding-bottom:20px; padding-top:10px;\" class=\"hupso-share-buttons\"><!-- Hupso Share Buttons - https:\/\/www.hupso.com\/share\/ --><a class=\"hupso_counters\" href=\"https:\/\/www.hupso.com\/share\/\"><img decoding=\"async\" src=\"https:\/\/static.hupso.com\/share\/buttons\/share-small.png\" style=\"border:0px; padding-top:2px; float:left;\" alt=\"Share Button\"\/><\/a><script type=\"text\/javascript\">var hupso_services_c=new Array(\"twitter\",\"facebook_like\",\"facebook_send\",\"google\");var hupso_counters_lang = \"en_US\";var hupso_image_folder_url = \"\";var hupso_url_c=\"\";var hupso_title_c=\"CV\";<\/script><script type=\"text\/javascript\" src=\"https:\/\/static.hupso.com\/share\/js\/counters.js\"><\/script><!-- Hupso Share Buttons --><\/div>","protected":false},"excerpt":{"rendered":"<p>T\u00e4\u00e4lt\u00e4 l\u00f6yd\u00e4t nykyiset ja aiemmat tekemiseni tiivistetysti.&nbsp; Koulutus Diplomi-insin\u00f6\u00f6ri, Oulun yliopisto, 2007. Ymp\u00e4rist\u00f6nsuojelutekniikka. Diplomity\u00f6 Raahen ja Koverharin ter\u00e4stehtaiden kuonien liukoisuus ja siihen vaikuttavat tekij\u00e4t.&nbsp; Yleisarvosana: oivallinen. Vaihto-opiskelu: National University of Singapore (NUS), kev\u00e4t 2007. Ylioppilas, Linnan lukio, Kajaani. 2002.&nbsp; Luottamustoimet politiikassa Puolueessa 2025 -&gt; Maaseutu- ja er\u00e4vihreiden varapuheenjohtaja 2023-25 Puolueen varapuheenjohtaja 2016-23 Kainuun vihreiden varapuheenjohtaja [&hellip;]<\/p>\n<div style=\"padding-bottom:20px; padding-top:10px;\" class=\"hupso-share-buttons\"><!-- Hupso Share Buttons - https:\/\/www.hupso.com\/share\/ --><a class=\"hupso_counters\" href=\"https:\/\/www.hupso.com\/share\/\"><img src=\"https:\/\/static.hupso.com\/share\/buttons\/share-small.png\" style=\"border:0px; padding-top:2px; float:left;\" alt=\"Share Button\"\/><\/a><script type=\"text\/javascript\">var hupso_services_c=new Array(\"twitter\",\"facebook_like\",\"facebook_send\",\"google\");var hupso_counters_lang = \"en_US\";var hupso_image_folder_url = \"\";var hupso_url_c=\"\";var hupso_title_c=\"CV\";<\/script><script type=\"text\/javascript\" src=\"https:\/\/static.hupso.com\/share\/js\/counters.js\"><\/script><!-- Hupso Share Buttons --><\/div>","protected":false},"author":1,"featured_media":2634,"parent":0,"menu_order":0,"comment_status":"closed","ping_status":"closed","template":"","meta":{"ngg_post_thumbnail":0,"footnotes":""},"class_list":["post-2322","page","type-page","status-publish","has-post-thumbnail"],"yoast_head":"<!-- This site is optimized with the Yoast SEO plugin v27.3 - https:\/\/yoast.com\/product\/yoast-seo-wordpress\/ -->\n<title>CV - Silja Ker\u00e4nen<\/title>\n<meta name=\"description\" content=\"CV Silja Ker\u00e4nen - Koulutus, ty\u00f6kokemus ja luottamustoimet.\" \/>\n<meta name=\"robots\" content=\"index, follow, max-snippet:-1, max-image-preview:large, max-video-preview:-1\" \/>\n<link rel=\"canonical\" href=\"https:\/\/siljakeranen.fi\/blogi\/cv\/\" \/>\n<meta property=\"og:locale\" content=\"fi_FI\" \/>\n<meta property=\"og:type\" content=\"article\" \/>\n<meta property=\"og:title\" content=\"CV - Silja Ker\u00e4nen\" \/>\n<meta property=\"og:description\" content=\"CV Silja Ker\u00e4nen - Koulutus, ty\u00f6kokemus ja luottamustoimet.\" \/>\n<meta property=\"og:url\" content=\"https:\/\/siljakeranen.fi\/blogi\/cv\/\" \/>\n<meta property=\"og:site_name\" content=\"Silja Ker\u00e4nen\" \/>\n<meta property=\"article:publisher\" content=\"https:\/\/www.facebook.com\/siljamkeranen\" \/>\n<meta property=\"article:modified_time\" content=\"2025-11-14T11:58:05+00:00\" \/>\n<meta property=\"og:image\" content=\"https:\/\/siljakeranen.fi\/blogi\/wp-content\/uploads\/2023\/01\/3L3A9922-e1673790297723.jpg\" \/>\n\t<meta property=\"og:image:width\" content=\"2032\" \/>\n\t<meta property=\"og:image:height\" content=\"1233\" \/>\n\t<meta property=\"og:image:type\" content=\"image\/jpeg\" \/>\n<meta name=\"twitter:card\" content=\"summary_large_image\" \/>\n<meta name=\"twitter:site\" content=\"@SiljaMP\" \/>\n<meta name=\"twitter:label1\" content=\"Arvioitu lukuaika\" \/>\n\t<meta name=\"twitter:data1\" content=\"2 minuuttia\" \/>\n<script type=\"application\/ld+json\" class=\"yoast-schema-graph\">{\"@context\":\"https:\\\/\\\/schema.org\",\"@graph\":[{\"@type\":\"WebPage\",\"@id\":\"https:\\\/\\\/siljakeranen.fi\\\/blogi\\\/cv\\\/\",\"url\":\"https:\\\/\\\/siljakeranen.fi\\\/blogi\\\/cv\\\/\",\"name\":\"CV - Silja Ker\u00e4nen\",\"isPartOf\":{\"@id\":\"https:\\\/\\\/siljakeranen.fi\\\/blogi\\\/#website\"},\"primaryImageOfPage\":{\"@id\":\"https:\\\/\\\/siljakeranen.fi\\\/blogi\\\/cv\\\/#primaryimage\"},\"image\":{\"@id\":\"https:\\\/\\\/siljakeranen.fi\\\/blogi\\\/cv\\\/#primaryimage\"},\"thumbnailUrl\":\"https:\\\/\\\/siljakeranen.fi\\\/blogi\\\/wp-content\\\/uploads\\\/2023\\\/01\\\/3L3A9922-e1673790297723.jpg\",\"datePublished\":\"2022-09-10T12:46:35+00:00\",\"dateModified\":\"2025-11-14T11:58:05+00:00\",\"description\":\"CV Silja Ker\u00e4nen - Koulutus, ty\u00f6kokemus ja luottamustoimet.\",\"breadcrumb\":{\"@id\":\"https:\\\/\\\/siljakeranen.fi\\\/blogi\\\/cv\\\/#breadcrumb\"},\"inLanguage\":\"fi\",\"potentialAction\":[{\"@type\":\"ReadAction\",\"target\":[\"https:\\\/\\\/siljakeranen.fi\\\/blogi\\\/cv\\\/\"]}]},{\"@type\":\"ImageObject\",\"inLanguage\":\"fi\",\"@id\":\"https:\\\/\\\/siljakeranen.fi\\\/blogi\\\/cv\\\/#primaryimage\",\"url\":\"https:\\\/\\\/siljakeranen.fi\\\/blogi\\\/wp-content\\\/uploads\\\/2023\\\/01\\\/3L3A9922-e1673790297723.jpg\",\"contentUrl\":\"https:\\\/\\\/siljakeranen.fi\\\/blogi\\\/wp-content\\\/uploads\\\/2023\\\/01\\\/3L3A9922-e1673790297723.jpg\",\"width\":2032,\"height\":1233},{\"@type\":\"BreadcrumbList\",\"@id\":\"https:\\\/\\\/siljakeranen.fi\\\/blogi\\\/cv\\\/#breadcrumb\",\"itemListElement\":[{\"@type\":\"ListItem\",\"position\":1,\"name\":\"Etusivu\",\"item\":\"https:\\\/\\\/siljakeranen.fi\\\/blogi\\\/\"},{\"@type\":\"ListItem\",\"position\":2,\"name\":\"CV\"}]},{\"@type\":\"WebSite\",\"@id\":\"https:\\\/\\\/siljakeranen.fi\\\/blogi\\\/#website\",\"url\":\"https:\\\/\\\/siljakeranen.fi\\\/blogi\\\/\",\"name\":\"Silja Ker\u00e4nen\",\"description\":\"Silja Ker\u00e4nen, kainuulainen vihre\u00e4 poliitikko\",\"publisher\":{\"@id\":\"https:\\\/\\\/siljakeranen.fi\\\/blogi\\\/#\\\/schema\\\/person\\\/d43605ef0d5681c1b27a4ba1fede1cf4\"},\"potentialAction\":[{\"@type\":\"SearchAction\",\"target\":{\"@type\":\"EntryPoint\",\"urlTemplate\":\"https:\\\/\\\/siljakeranen.fi\\\/blogi\\\/?s={search_term_string}\"},\"query-input\":{\"@type\":\"PropertyValueSpecification\",\"valueRequired\":true,\"valueName\":\"search_term_string\"}}],\"inLanguage\":\"fi\"},{\"@type\":[\"Person\",\"Organization\"],\"@id\":\"https:\\\/\\\/siljakeranen.fi\\\/blogi\\\/#\\\/schema\\\/person\\\/d43605ef0d5681c1b27a4ba1fede1cf4\",\"name\":\"Silja\",\"image\":{\"@type\":\"ImageObject\",\"inLanguage\":\"fi\",\"@id\":\"https:\\\/\\\/siljakeranen.fi\\\/blogi\\\/wp-content\\\/uploads\\\/2023\\\/01\\\/cropped-silja_250x100.png\",\"url\":\"https:\\\/\\\/siljakeranen.fi\\\/blogi\\\/wp-content\\\/uploads\\\/2023\\\/01\\\/cropped-silja_250x100.png\",\"contentUrl\":\"https:\\\/\\\/siljakeranen.fi\\\/blogi\\\/wp-content\\\/uploads\\\/2023\\\/01\\\/cropped-silja_250x100.png\",\"width\":250,\"height\":100,\"caption\":\"Silja\"},\"logo\":{\"@id\":\"https:\\\/\\\/siljakeranen.fi\\\/blogi\\\/wp-content\\\/uploads\\\/2023\\\/01\\\/cropped-silja_250x100.png\"},\"sameAs\":[\"http:\\\/\\\/www.siljakeranen.fi\",\"https:\\\/\\\/www.facebook.com\\\/siljamkeranen\",\"https:\\\/\\\/www.instagram.com\\\/siljakeranen\\\/\",\"https:\\\/\\\/www.linkedin.com\\\/in\\\/silja-kernen-4331b548\\\/\",\"https:\\\/\\\/x.com\\\/https:\\\/\\\/twitter.com\\\/SiljaMP\",\"https:\\\/\\\/www.youtube.com\\\/channel\\\/UC0MWeuoWP4-Mjs1z8pIv3GQ\",\"https:\\\/\\\/fi.wikipedia.org\\\/wiki\\\/Silja_Kernen\"]}]}<\/script>\n<!-- \/ Yoast SEO plugin. -->","yoast_head_json":{"title":"CV - Silja Ker\u00e4nen","description":"CV Silja Ker\u00e4nen - Koulutus, ty\u00f6kokemus ja luottamustoimet.","robots":{"index":"index","follow":"follow","max-snippet":"max-snippet:-1","max-image-preview":"max-image-preview:large","max-video-preview":"max-video-preview:-1"},"canonical":"https:\/\/siljakeranen.fi\/blogi\/cv\/","og_locale":"fi_FI","og_type":"article","og_title":"CV - Silja Ker\u00e4nen","og_description":"CV Silja Ker\u00e4nen - Koulutus, ty\u00f6kokemus ja luottamustoimet.","og_url":"https:\/\/siljakeranen.fi\/blogi\/cv\/","og_site_name":"Silja Ker\u00e4nen","article_publisher":"https:\/\/www.facebook.com\/siljamkeranen","article_modified_time":"2025-11-14T11:58:05+00:00","og_image":[{"width":2032,"height":1233,"url":"https:\/\/siljakeranen.fi\/blogi\/wp-content\/uploads\/2023\/01\/3L3A9922-e1673790297723.jpg","type":"image\/jpeg"}],"twitter_card":"summary_large_image","twitter_site":"@SiljaMP","twitter_misc":{"Arvioitu lukuaika":"2 minuuttia"},"schema":{"@context":"https:\/\/schema.org","@graph":[{"@type":"WebPage","@id":"https:\/\/siljakeranen.fi\/blogi\/cv\/","url":"https:\/\/siljakeranen.fi\/blogi\/cv\/","name":"CV - Silja Ker\u00e4nen","isPartOf":{"@id":"https:\/\/siljakeranen.fi\/blogi\/#website"},"primaryImageOfPage":{"@id":"https:\/\/siljakeranen.fi\/blogi\/cv\/#primaryimage"},"image":{"@id":"https:\/\/siljakeranen.fi\/blogi\/cv\/#primaryimage"},"thumbnailUrl":"https:\/\/siljakeranen.fi\/blogi\/wp-content\/uploads\/2023\/01\/3L3A9922-e1673790297723.jpg","datePublished":"2022-09-10T12:46:35+00:00","dateModified":"2025-11-14T11:58:05+00:00","description":"CV Silja Ker\u00e4nen - Koulutus, ty\u00f6kokemus ja luottamustoimet.","breadcrumb":{"@id":"https:\/\/siljakeranen.fi\/blogi\/cv\/#breadcrumb"},"inLanguage":"fi","potentialAction":[{"@type":"ReadAction","target":["https:\/\/siljakeranen.fi\/blogi\/cv\/"]}]},{"@type":"ImageObject","inLanguage":"fi","@id":"https:\/\/siljakeranen.fi\/blogi\/cv\/#primaryimage","url":"https:\/\/siljakeranen.fi\/blogi\/wp-content\/uploads\/2023\/01\/3L3A9922-e1673790297723.jpg","contentUrl":"https:\/\/siljakeranen.fi\/blogi\/wp-content\/uploads\/2023\/01\/3L3A9922-e1673790297723.jpg","width":2032,"height":1233},{"@type":"BreadcrumbList","@id":"https:\/\/siljakeranen.fi\/blogi\/cv\/#breadcrumb","itemListElement":[{"@type":"ListItem","position":1,"name":"Etusivu","item":"https:\/\/siljakeranen.fi\/blogi\/"},{"@type":"ListItem","position":2,"name":"CV"}]},{"@type":"WebSite","@id":"https:\/\/siljakeranen.fi\/blogi\/#website","url":"https:\/\/siljakeranen.fi\/blogi\/","name":"Silja Ker\u00e4nen","description":"Silja Ker\u00e4nen, kainuulainen vihre\u00e4 poliitikko","publisher":{"@id":"https:\/\/siljakeranen.fi\/blogi\/#\/schema\/person\/d43605ef0d5681c1b27a4ba1fede1cf4"},"potentialAction":[{"@type":"SearchAction","target":{"@type":"EntryPoint","urlTemplate":"https:\/\/siljakeranen.fi\/blogi\/?s={search_term_string}"},"query-input":{"@type":"PropertyValueSpecification","valueRequired":true,"valueName":"search_term_string"}}],"inLanguage":"fi"},{"@type":["Person","Organization"],"@id":"https:\/\/siljakeranen.fi\/blogi\/#\/schema\/person\/d43605ef0d5681c1b27a4ba1fede1cf4","name":"Silja","image":{"@type":"ImageObject","inLanguage":"fi","@id":"https:\/\/siljakeranen.fi\/blogi\/wp-content\/uploads\/2023\/01\/cropped-silja_250x100.png","url":"https:\/\/siljakeranen.fi\/blogi\/wp-content\/uploads\/2023\/01\/cropped-silja_250x100.png","contentUrl":"https:\/\/siljakeranen.fi\/blogi\/wp-content\/uploads\/2023\/01\/cropped-silja_250x100.png","width":250,"height":100,"caption":"Silja"},"logo":{"@id":"https:\/\/siljakeranen.fi\/blogi\/wp-content\/uploads\/2023\/01\/cropped-silja_250x100.png"},"sameAs":["http:\/\/www.siljakeranen.fi","https:\/\/www.facebook.com\/siljamkeranen","https:\/\/www.instagram.com\/siljakeranen\/","https:\/\/www.linkedin.com\/in\/silja-kernen-4331b548\/","https:\/\/x.com\/https:\/\/twitter.com\/SiljaMP","https:\/\/www.youtube.com\/channel\/UC0MWeuoWP4-Mjs1z8pIv3GQ","https:\/\/fi.wikipedia.org\/wiki\/Silja_Kernen"]}]}},"_links":{"self":[{"href":"https:\/\/siljakeranen.fi\/blogi\/wp-json\/wp\/v2\/pages\/2322","targetHints":{"allow":["GET"]}}],"collection":[{"href":"https:\/\/siljakeranen.fi\/blogi\/wp-json\/wp\/v2\/pages"}],"about":[{"href":"https:\/\/siljakeranen.fi\/blogi\/wp-json\/wp\/v2\/types\/page"}],"author":[{"embeddable":true,"href":"https:\/\/siljakeranen.fi\/blogi\/wp-json\/wp\/v2\/users\/1"}],"replies":[{"embeddable":true,"href":"https:\/\/siljakeranen.fi\/blogi\/wp-json\/wp\/v2\/comments?post=2322"}],"version-history":[{"count":11,"href":"https:\/\/siljakeranen.fi\/blogi\/wp-json\/wp\/v2\/pages\/2322\/revisions"}],"predecessor-version":[{"id":3132,"href":"https:\/\/siljakeranen.fi\/blogi\/wp-json\/wp\/v2\/pages\/2322\/revisions\/3132"}],"wp:featuredmedia":[{"embeddable":true,"href":"https:\/\/siljakeranen.fi\/blogi\/wp-json\/wp\/v2\/media\/2634"}],"wp:attachment":[{"href":"https:\/\/siljakeranen.fi\/blogi\/wp-json\/wp\/v2\/media?parent=2322"}],"curies":[{"name":"wp","href":"https:\/\/api.w.org\/{rel}","templated":true}]}}