{"id":2504,"date":"2022-12-28T14:28:10","date_gmt":"2022-12-28T12:28:10","guid":{"rendered":"https:\/\/siljakeranen.fi\/blogi\/?page_id=2504"},"modified":"2024-09-02T18:47:03","modified_gmt":"2024-09-02T15:47:03","slug":"menestyva-maaseutu","status":"publish","type":"page","link":"https:\/\/siljakeranen.fi\/blogi\/menestyva-maaseutu\/","title":{"rendered":"Menestyv\u00e4 maaseutu"},"content":{"rendered":"<blockquote><p>On t\u00e4rke\u00e4\u00e4, ett\u00e4 eri puolilla Suomea on el\u00e4misen edellytykset kunnossa. Kest\u00e4v\u00e4ll\u00e4 aluepolitiikalla luodaan menestymisen mahdollisuuksia eri puolille maata.&nbsp;<\/p><\/blockquote>\n<p>Meid\u00e4n pit\u00e4\u00e4 huolehtia siit\u00e4, ett\u00e4 eri puolilla maata on el\u00e4misen edellytykset ja menestymisen mahdollisuudet kunnossa. Suomessa on vuosikymmenet tehty p\u00e4\u00e4t\u00f6ksi\u00e4, joilla&nbsp; kaupungistumista on vauhditettu verrattain paljonkin &#8211; ja 2000-luvulla viel\u00e4p\u00e4 selv\u00e4sti isojen kaupunkien ja etenkin metropoliseudun suuntaan.&nbsp;<\/p>\n<p>Tasapainoisempi aluerakenne on kriisinkest\u00e4v\u00e4mpi, ja todenn\u00e4k\u00f6isesti samalla my\u00f6s ekologisesti ja sosiaalisesti kest\u00e4v\u00e4mpi, kun uutta ei tarvitsisi rakentaa niin paljoa ja kun ihmiset pystyisiv\u00e4t paremmin valitsemaan haluamansa asuinseudun. Taloudellista kest\u00e4vyytt\u00e4 taas edesauttaa kattava korkeakoulutusverkosto sek\u00e4 yritystoiminnan edellytyksist\u00e4 huolehtiminen.&nbsp;<\/p>\n<p>Samaan aikaan on t\u00e4rke\u00e4 muistaa, ett\u00e4 l\u00e4hes puolet suomalaisista ovat tavalla tai toisella monipaikkaisia. Usealla on koti isossa kaupungissa ja toinen koti pienemm\u00e4ll\u00e4 paikkakunnalla. Monipaikkaisuusilmi\u00f6 pit\u00e4isi tunnistaa huomattavasti nykyist\u00e4 paremmin ja luoda esimerkiksi k\u00e4site toissijaisesta kotikunnasta. T\u00e4ll\u00f6in ihmisell\u00e4 voisi olla useampi kotikunta.&nbsp;<\/p>\n<p>Osana maaseutu- ja aluepolitiikkaa on varmistettava maa- ja mets\u00e4talouden toimintaedellytykset sek\u00e4 etenkin niiden kehitt\u00e4minen kest\u00e4v\u00e4mm\u00e4ksi. Maatalouden osalta on varmistettava, ett\u00e4 Suomessa tuotetaan ruokaa tulevaisuudessakin ja ett\u00e4 pid\u00e4mme huolta ruoantuotannon omavaraisuudestamme. Kuitenkin toimialan on t\u00e4rke\u00e4 reagoida my\u00f6s muutoksiin &#8211; tehd\u00e4 t\u00f6it\u00e4 niin ilmasto- kuin vesist\u00f6p\u00e4\u00e4st\u00f6jen v\u00e4hent\u00e4miseksi sek\u00e4 muuttaa tuotantorakennetta kohti kasvipohjaisempaa.&nbsp;<\/p>\n<p>Mets\u00e4taloudessa vastaavanlainen kest\u00e4vyyssiirtym\u00e4 on tarpeellinen, koska mets\u00e4luonnon monimuotoisuus heikkenee jatkuvasti ja toisaalta enn\u00e4tyssuuret hakkuut sek\u00e4 voimakkaat harvennukset ovat v\u00e4hent\u00e4neet metsien hiilinielutasoa huomattavasti.&nbsp;<\/p>\n<p>Menestyv\u00e4t alueet ovat tietysti paljon muutakin kuin maa- ja mets\u00e4taloutta. Ne ovat koulutuspaikkoja, sosiaali- ja terveyspalveluita, monipuolista yritystoimintaa, kulttuuria sek\u00e4 hyv\u00e4\u00e4 ilmapiiri\u00e4. T\u00e4st\u00e4 aiheesta olen kirjoittanut kohtalaisen paljon. Yhden kirjan verran siis. \ud83d\ude42 <a href=\"https:\/\/siljakeranen.fi\/blogi\/missa-syrja-sijaitsee-kun-kaupunki-ei-ole-kaikki-on-jo-tilattavissa\/\" target=\"_blank\" rel=\"noopener\">Miss\u00e4 syrj\u00e4 sijaitsee? &#8211; Kun kaupunki ei ole kaikki<\/a>. ilmestyi syksyll\u00e4 2021 ja l\u00f6yd\u00e4t sen monesta kirjastosta tai sitten voi tilata sen minulta.&nbsp;<\/p>\n<p>Moni kirjoitukseni sivuaa aluepolitiikkaa, mutta ehk\u00e4 parhaiten olen niputtanut ne <a href=\"https:\/\/siljakeranen.fi\/blogi\/category\/kainuu\/\" target=\"_blank\" rel=\"noopener\">Kainuu-otsikon<\/a> alle.&nbsp;<\/p>\n<p>&nbsp; &nbsp;&nbsp;<\/p>\n<div style=\"padding-bottom:20px; padding-top:10px;\" class=\"hupso-share-buttons\"><!-- Hupso Share Buttons - https:\/\/www.hupso.com\/share\/ --><a class=\"hupso_counters\" href=\"https:\/\/www.hupso.com\/share\/\"><img decoding=\"async\" src=\"https:\/\/static.hupso.com\/share\/buttons\/share-small.png\" style=\"border:0px; padding-top:2px; float:left;\" alt=\"Share Button\"\/><\/a><script type=\"text\/javascript\">var hupso_services_c=new Array(\"twitter\",\"facebook_like\",\"facebook_send\",\"google\");var hupso_counters_lang = \"en_US\";var hupso_image_folder_url = \"\";var hupso_url_c=\"\";var hupso_title_c=\"Menestyv%C3%A4%20maaseutu\";<\/script><script type=\"text\/javascript\" src=\"https:\/\/static.hupso.com\/share\/js\/counters.js\"><\/script><!-- Hupso Share Buttons --><\/div>","protected":false},"excerpt":{"rendered":"<p>On t\u00e4rke\u00e4\u00e4, ett\u00e4 eri puolilla Suomea on el\u00e4misen edellytykset kunnossa. Kest\u00e4v\u00e4ll\u00e4 aluepolitiikalla luodaan menestymisen mahdollisuuksia eri puolille maata.&nbsp; Meid\u00e4n pit\u00e4\u00e4 huolehtia siit\u00e4, ett\u00e4 eri puolilla maata on el\u00e4misen edellytykset ja menestymisen mahdollisuudet kunnossa. Suomessa on vuosikymmenet tehty p\u00e4\u00e4t\u00f6ksi\u00e4, joilla&nbsp; kaupungistumista on vauhditettu verrattain paljonkin &#8211; ja 2000-luvulla viel\u00e4p\u00e4 selv\u00e4sti isojen kaupunkien ja etenkin metropoliseudun suuntaan.&nbsp; [&hellip;]<\/p>\n<div style=\"padding-bottom:20px; padding-top:10px;\" class=\"hupso-share-buttons\"><!-- Hupso Share Buttons - https:\/\/www.hupso.com\/share\/ --><a class=\"hupso_counters\" href=\"https:\/\/www.hupso.com\/share\/\"><img src=\"https:\/\/static.hupso.com\/share\/buttons\/share-small.png\" style=\"border:0px; padding-top:2px; float:left;\" alt=\"Share Button\"\/><\/a><script type=\"text\/javascript\">var hupso_services_c=new Array(\"twitter\",\"facebook_like\",\"facebook_send\",\"google\");var hupso_counters_lang = \"en_US\";var hupso_image_folder_url = \"\";var hupso_url_c=\"\";var hupso_title_c=\"Menestyv%C3%A4%20maaseutu\";<\/script><script type=\"text\/javascript\" src=\"https:\/\/static.hupso.com\/share\/js\/counters.js\"><\/script><!-- Hupso Share Buttons --><\/div>","protected":false},"author":1,"featured_media":2505,"parent":0,"menu_order":0,"comment_status":"closed","ping_status":"closed","template":"","meta":{"ngg_post_thumbnail":0,"footnotes":""},"class_list":["post-2504","page","type-page","status-publish","has-post-thumbnail"],"yoast_head":"<!-- This site is optimized with the Yoast SEO plugin v27.3 - https:\/\/yoast.com\/product\/yoast-seo-wordpress\/ -->\n<title>Menestyv\u00e4 maaseutu - Silja Ker\u00e4nen<\/title>\n<meta name=\"description\" content=\"\u00a0Menestyv\u00e4 maaseutu - Kest\u00e4v\u00e4 aluepolitiikka. On t\u00e4rke\u00e4\u00e4, ett\u00e4 eri puolilla Suomea on el\u00e4misen edellytykset kunnossa.\" \/>\n<meta name=\"robots\" content=\"index, follow, max-snippet:-1, max-image-preview:large, max-video-preview:-1\" \/>\n<link rel=\"canonical\" href=\"https:\/\/siljakeranen.fi\/blogi\/menestyva-maaseutu\/\" \/>\n<meta property=\"og:locale\" content=\"fi_FI\" \/>\n<meta property=\"og:type\" content=\"article\" \/>\n<meta property=\"og:title\" content=\"Menestyv\u00e4 maaseutu - Silja Ker\u00e4nen\" \/>\n<meta property=\"og:description\" content=\"\u00a0Menestyv\u00e4 maaseutu - Kest\u00e4v\u00e4 aluepolitiikka. On t\u00e4rke\u00e4\u00e4, ett\u00e4 eri puolilla Suomea on el\u00e4misen edellytykset kunnossa.\" \/>\n<meta property=\"og:url\" content=\"https:\/\/siljakeranen.fi\/blogi\/menestyva-maaseutu\/\" \/>\n<meta property=\"og:site_name\" content=\"Silja Ker\u00e4nen\" \/>\n<meta property=\"article:publisher\" content=\"https:\/\/www.facebook.com\/siljamkeranen\" \/>\n<meta property=\"article:modified_time\" content=\"2024-09-02T15:47:03+00:00\" \/>\n<meta property=\"og:image\" content=\"https:\/\/siljakeranen.fi\/blogi\/wp-content\/uploads\/2022\/12\/3L3A9919-e1672230586347.jpg\" \/>\n\t<meta property=\"og:image:width\" content=\"2012\" \/>\n\t<meta property=\"og:image:height\" content=\"1203\" \/>\n\t<meta property=\"og:image:type\" content=\"image\/jpeg\" \/>\n<meta name=\"twitter:card\" content=\"summary_large_image\" \/>\n<meta name=\"twitter:site\" content=\"@SiljaMP\" \/>\n<meta name=\"twitter:label1\" content=\"Arvioitu lukuaika\" \/>\n\t<meta name=\"twitter:data1\" content=\"2 minuuttia\" \/>\n<script type=\"application\/ld+json\" class=\"yoast-schema-graph\">{\"@context\":\"https:\\\/\\\/schema.org\",\"@graph\":[{\"@type\":\"WebPage\",\"@id\":\"https:\\\/\\\/siljakeranen.fi\\\/blogi\\\/menestyva-maaseutu\\\/\",\"url\":\"https:\\\/\\\/siljakeranen.fi\\\/blogi\\\/menestyva-maaseutu\\\/\",\"name\":\"Menestyv\u00e4 maaseutu - Silja Ker\u00e4nen\",\"isPartOf\":{\"@id\":\"https:\\\/\\\/siljakeranen.fi\\\/blogi\\\/#website\"},\"primaryImageOfPage\":{\"@id\":\"https:\\\/\\\/siljakeranen.fi\\\/blogi\\\/menestyva-maaseutu\\\/#primaryimage\"},\"image\":{\"@id\":\"https:\\\/\\\/siljakeranen.fi\\\/blogi\\\/menestyva-maaseutu\\\/#primaryimage\"},\"thumbnailUrl\":\"https:\\\/\\\/siljakeranen.fi\\\/blogi\\\/wp-content\\\/uploads\\\/2022\\\/12\\\/3L3A9919-e1672230586347.jpg\",\"datePublished\":\"2022-12-28T12:28:10+00:00\",\"dateModified\":\"2024-09-02T15:47:03+00:00\",\"description\":\"\u00a0Menestyv\u00e4 maaseutu - Kest\u00e4v\u00e4 aluepolitiikka. On t\u00e4rke\u00e4\u00e4, ett\u00e4 eri puolilla Suomea on el\u00e4misen edellytykset kunnossa.\",\"breadcrumb\":{\"@id\":\"https:\\\/\\\/siljakeranen.fi\\\/blogi\\\/menestyva-maaseutu\\\/#breadcrumb\"},\"inLanguage\":\"fi\",\"potentialAction\":[{\"@type\":\"ReadAction\",\"target\":[\"https:\\\/\\\/siljakeranen.fi\\\/blogi\\\/menestyva-maaseutu\\\/\"]}]},{\"@type\":\"ImageObject\",\"inLanguage\":\"fi\",\"@id\":\"https:\\\/\\\/siljakeranen.fi\\\/blogi\\\/menestyva-maaseutu\\\/#primaryimage\",\"url\":\"https:\\\/\\\/siljakeranen.fi\\\/blogi\\\/wp-content\\\/uploads\\\/2022\\\/12\\\/3L3A9919-e1672230586347.jpg\",\"contentUrl\":\"https:\\\/\\\/siljakeranen.fi\\\/blogi\\\/wp-content\\\/uploads\\\/2022\\\/12\\\/3L3A9919-e1672230586347.jpg\",\"width\":2012,\"height\":1203,\"caption\":\"Silja Ker\u00e4nen\"},{\"@type\":\"BreadcrumbList\",\"@id\":\"https:\\\/\\\/siljakeranen.fi\\\/blogi\\\/menestyva-maaseutu\\\/#breadcrumb\",\"itemListElement\":[{\"@type\":\"ListItem\",\"position\":1,\"name\":\"Etusivu\",\"item\":\"https:\\\/\\\/siljakeranen.fi\\\/blogi\\\/\"},{\"@type\":\"ListItem\",\"position\":2,\"name\":\"Menestyv\u00e4 maaseutu\"}]},{\"@type\":\"WebSite\",\"@id\":\"https:\\\/\\\/siljakeranen.fi\\\/blogi\\\/#website\",\"url\":\"https:\\\/\\\/siljakeranen.fi\\\/blogi\\\/\",\"name\":\"Silja Ker\u00e4nen\",\"description\":\"Silja Ker\u00e4nen, kainuulainen vihre\u00e4 poliitikko\",\"publisher\":{\"@id\":\"https:\\\/\\\/siljakeranen.fi\\\/blogi\\\/#\\\/schema\\\/person\\\/d43605ef0d5681c1b27a4ba1fede1cf4\"},\"potentialAction\":[{\"@type\":\"SearchAction\",\"target\":{\"@type\":\"EntryPoint\",\"urlTemplate\":\"https:\\\/\\\/siljakeranen.fi\\\/blogi\\\/?s={search_term_string}\"},\"query-input\":{\"@type\":\"PropertyValueSpecification\",\"valueRequired\":true,\"valueName\":\"search_term_string\"}}],\"inLanguage\":\"fi\"},{\"@type\":[\"Person\",\"Organization\"],\"@id\":\"https:\\\/\\\/siljakeranen.fi\\\/blogi\\\/#\\\/schema\\\/person\\\/d43605ef0d5681c1b27a4ba1fede1cf4\",\"name\":\"Silja\",\"image\":{\"@type\":\"ImageObject\",\"inLanguage\":\"fi\",\"@id\":\"https:\\\/\\\/siljakeranen.fi\\\/blogi\\\/wp-content\\\/uploads\\\/2023\\\/01\\\/cropped-silja_250x100.png\",\"url\":\"https:\\\/\\\/siljakeranen.fi\\\/blogi\\\/wp-content\\\/uploads\\\/2023\\\/01\\\/cropped-silja_250x100.png\",\"contentUrl\":\"https:\\\/\\\/siljakeranen.fi\\\/blogi\\\/wp-content\\\/uploads\\\/2023\\\/01\\\/cropped-silja_250x100.png\",\"width\":250,\"height\":100,\"caption\":\"Silja\"},\"logo\":{\"@id\":\"https:\\\/\\\/siljakeranen.fi\\\/blogi\\\/wp-content\\\/uploads\\\/2023\\\/01\\\/cropped-silja_250x100.png\"},\"sameAs\":[\"http:\\\/\\\/www.siljakeranen.fi\",\"https:\\\/\\\/www.facebook.com\\\/siljamkeranen\",\"https:\\\/\\\/www.instagram.com\\\/siljakeranen\\\/\",\"https:\\\/\\\/www.linkedin.com\\\/in\\\/silja-kernen-4331b548\\\/\",\"https:\\\/\\\/x.com\\\/https:\\\/\\\/twitter.com\\\/SiljaMP\",\"https:\\\/\\\/www.youtube.com\\\/channel\\\/UC0MWeuoWP4-Mjs1z8pIv3GQ\",\"https:\\\/\\\/fi.wikipedia.org\\\/wiki\\\/Silja_Kernen\"]}]}<\/script>\n<!-- \/ Yoast SEO plugin. -->","yoast_head_json":{"title":"Menestyv\u00e4 maaseutu - Silja Ker\u00e4nen","description":"\u00a0Menestyv\u00e4 maaseutu - Kest\u00e4v\u00e4 aluepolitiikka. On t\u00e4rke\u00e4\u00e4, ett\u00e4 eri puolilla Suomea on el\u00e4misen edellytykset kunnossa.","robots":{"index":"index","follow":"follow","max-snippet":"max-snippet:-1","max-image-preview":"max-image-preview:large","max-video-preview":"max-video-preview:-1"},"canonical":"https:\/\/siljakeranen.fi\/blogi\/menestyva-maaseutu\/","og_locale":"fi_FI","og_type":"article","og_title":"Menestyv\u00e4 maaseutu - Silja Ker\u00e4nen","og_description":"\u00a0Menestyv\u00e4 maaseutu - Kest\u00e4v\u00e4 aluepolitiikka. On t\u00e4rke\u00e4\u00e4, ett\u00e4 eri puolilla Suomea on el\u00e4misen edellytykset kunnossa.","og_url":"https:\/\/siljakeranen.fi\/blogi\/menestyva-maaseutu\/","og_site_name":"Silja Ker\u00e4nen","article_publisher":"https:\/\/www.facebook.com\/siljamkeranen","article_modified_time":"2024-09-02T15:47:03+00:00","og_image":[{"width":2012,"height":1203,"url":"https:\/\/siljakeranen.fi\/blogi\/wp-content\/uploads\/2022\/12\/3L3A9919-e1672230586347.jpg","type":"image\/jpeg"}],"twitter_card":"summary_large_image","twitter_site":"@SiljaMP","twitter_misc":{"Arvioitu lukuaika":"2 minuuttia"},"schema":{"@context":"https:\/\/schema.org","@graph":[{"@type":"WebPage","@id":"https:\/\/siljakeranen.fi\/blogi\/menestyva-maaseutu\/","url":"https:\/\/siljakeranen.fi\/blogi\/menestyva-maaseutu\/","name":"Menestyv\u00e4 maaseutu - Silja Ker\u00e4nen","isPartOf":{"@id":"https:\/\/siljakeranen.fi\/blogi\/#website"},"primaryImageOfPage":{"@id":"https:\/\/siljakeranen.fi\/blogi\/menestyva-maaseutu\/#primaryimage"},"image":{"@id":"https:\/\/siljakeranen.fi\/blogi\/menestyva-maaseutu\/#primaryimage"},"thumbnailUrl":"https:\/\/siljakeranen.fi\/blogi\/wp-content\/uploads\/2022\/12\/3L3A9919-e1672230586347.jpg","datePublished":"2022-12-28T12:28:10+00:00","dateModified":"2024-09-02T15:47:03+00:00","description":"\u00a0Menestyv\u00e4 maaseutu - Kest\u00e4v\u00e4 aluepolitiikka. On t\u00e4rke\u00e4\u00e4, ett\u00e4 eri puolilla Suomea on el\u00e4misen edellytykset kunnossa.","breadcrumb":{"@id":"https:\/\/siljakeranen.fi\/blogi\/menestyva-maaseutu\/#breadcrumb"},"inLanguage":"fi","potentialAction":[{"@type":"ReadAction","target":["https:\/\/siljakeranen.fi\/blogi\/menestyva-maaseutu\/"]}]},{"@type":"ImageObject","inLanguage":"fi","@id":"https:\/\/siljakeranen.fi\/blogi\/menestyva-maaseutu\/#primaryimage","url":"https:\/\/siljakeranen.fi\/blogi\/wp-content\/uploads\/2022\/12\/3L3A9919-e1672230586347.jpg","contentUrl":"https:\/\/siljakeranen.fi\/blogi\/wp-content\/uploads\/2022\/12\/3L3A9919-e1672230586347.jpg","width":2012,"height":1203,"caption":"Silja Ker\u00e4nen"},{"@type":"BreadcrumbList","@id":"https:\/\/siljakeranen.fi\/blogi\/menestyva-maaseutu\/#breadcrumb","itemListElement":[{"@type":"ListItem","position":1,"name":"Etusivu","item":"https:\/\/siljakeranen.fi\/blogi\/"},{"@type":"ListItem","position":2,"name":"Menestyv\u00e4 maaseutu"}]},{"@type":"WebSite","@id":"https:\/\/siljakeranen.fi\/blogi\/#website","url":"https:\/\/siljakeranen.fi\/blogi\/","name":"Silja Ker\u00e4nen","description":"Silja Ker\u00e4nen, kainuulainen vihre\u00e4 poliitikko","publisher":{"@id":"https:\/\/siljakeranen.fi\/blogi\/#\/schema\/person\/d43605ef0d5681c1b27a4ba1fede1cf4"},"potentialAction":[{"@type":"SearchAction","target":{"@type":"EntryPoint","urlTemplate":"https:\/\/siljakeranen.fi\/blogi\/?s={search_term_string}"},"query-input":{"@type":"PropertyValueSpecification","valueRequired":true,"valueName":"search_term_string"}}],"inLanguage":"fi"},{"@type":["Person","Organization"],"@id":"https:\/\/siljakeranen.fi\/blogi\/#\/schema\/person\/d43605ef0d5681c1b27a4ba1fede1cf4","name":"Silja","image":{"@type":"ImageObject","inLanguage":"fi","@id":"https:\/\/siljakeranen.fi\/blogi\/wp-content\/uploads\/2023\/01\/cropped-silja_250x100.png","url":"https:\/\/siljakeranen.fi\/blogi\/wp-content\/uploads\/2023\/01\/cropped-silja_250x100.png","contentUrl":"https:\/\/siljakeranen.fi\/blogi\/wp-content\/uploads\/2023\/01\/cropped-silja_250x100.png","width":250,"height":100,"caption":"Silja"},"logo":{"@id":"https:\/\/siljakeranen.fi\/blogi\/wp-content\/uploads\/2023\/01\/cropped-silja_250x100.png"},"sameAs":["http:\/\/www.siljakeranen.fi","https:\/\/www.facebook.com\/siljamkeranen","https:\/\/www.instagram.com\/siljakeranen\/","https:\/\/www.linkedin.com\/in\/silja-kernen-4331b548\/","https:\/\/x.com\/https:\/\/twitter.com\/SiljaMP","https:\/\/www.youtube.com\/channel\/UC0MWeuoWP4-Mjs1z8pIv3GQ","https:\/\/fi.wikipedia.org\/wiki\/Silja_Kernen"]}]}},"_links":{"self":[{"href":"https:\/\/siljakeranen.fi\/blogi\/wp-json\/wp\/v2\/pages\/2504","targetHints":{"allow":["GET"]}}],"collection":[{"href":"https:\/\/siljakeranen.fi\/blogi\/wp-json\/wp\/v2\/pages"}],"about":[{"href":"https:\/\/siljakeranen.fi\/blogi\/wp-json\/wp\/v2\/types\/page"}],"author":[{"embeddable":true,"href":"https:\/\/siljakeranen.fi\/blogi\/wp-json\/wp\/v2\/users\/1"}],"replies":[{"embeddable":true,"href":"https:\/\/siljakeranen.fi\/blogi\/wp-json\/wp\/v2\/comments?post=2504"}],"version-history":[{"count":10,"href":"https:\/\/siljakeranen.fi\/blogi\/wp-json\/wp\/v2\/pages\/2504\/revisions"}],"predecessor-version":[{"id":2945,"href":"https:\/\/siljakeranen.fi\/blogi\/wp-json\/wp\/v2\/pages\/2504\/revisions\/2945"}],"wp:featuredmedia":[{"embeddable":true,"href":"https:\/\/siljakeranen.fi\/blogi\/wp-json\/wp\/v2\/media\/2505"}],"wp:attachment":[{"href":"https:\/\/siljakeranen.fi\/blogi\/wp-json\/wp\/v2\/media?parent=2504"}],"curies":[{"name":"wp","href":"https:\/\/api.w.org\/{rel}","templated":true}]}}