{"id":27,"date":"2012-08-30T18:00:29","date_gmt":"2012-08-30T17:00:29","guid":{"rendered":"http:\/\/kernen.fi\/silja\/blogi\/?page_id=27"},"modified":"2025-11-14T14:01:50","modified_gmt":"2025-11-14T12:01:50","slug":"in-english","status":"publish","type":"page","link":"https:\/\/siljakeranen.fi\/blogi\/in-english\/","title":{"rendered":"In English"},"content":{"rendered":"<p>I think it\u2019s nice to have something also in English. This English page is there also to remind that we are not homogenous society and we should not be \u2013 but also because English has been my working language ten years. (Ou my \u2013 am I that old that my working life is 10+ years\u2026)<\/p>\n<div id=\"attachment_709\" style=\"width: 235px\" class=\"wp-caption alignright\"><a href=\"http:\/\/siljakeranen.fi\/blogi\/wp-content\/uploads\/2012\/08\/IMG_8107.jpg\"><img loading=\"lazy\" decoding=\"async\" aria-describedby=\"caption-attachment-709\" class=\"wp-image-709 size-medium\" src=\"http:\/\/siljakeranen.fi\/blogi\/wp-content\/uploads\/2012\/08\/IMG_8107-225x300.jpg\" alt=\"IMG_8107\" width=\"225\" height=\"300\" srcset=\"https:\/\/siljakeranen.fi\/blogi\/wp-content\/uploads\/2012\/08\/IMG_8107-225x300.jpg 225w, https:\/\/siljakeranen.fi\/blogi\/wp-content\/uploads\/2012\/08\/IMG_8107-768x1024.jpg 768w, https:\/\/siljakeranen.fi\/blogi\/wp-content\/uploads\/2012\/08\/IMG_8107.jpg 1200w\" sizes=\"auto, (max-width: 225px) 100vw, 225px\" \/><\/a><p id=\"caption-attachment-709\" class=\"wp-caption-text\">In Singapore, celebrating the 1st of May<\/p><\/div>\n<p>I was born in 1983 in the lovely city of Kajaani, Finland. Kajaani is located \u2013 well according to you to the middle of nowhere in the Northern Finland \u2013 and according to me to the mid part of Finland with decent connections to the bigger world via train, plane and roads.<\/p>\n<p>I am environmental engineer, mother, green politician, council member, Kajaani-being, project worker, scout and nature lover. All these are something I love and really wish to be. Because this is my politician site, more about that: My reason to be in the politics, is to ensure that future generations are able to live on our precious planet. As B-P, the founder of scout and guide movement, said: \u201dTry to leave the world better than you found it\u201d.<\/p>\n<p>My path started within the studies of environmental protection engineering mainly in the University of Oulu, but also in the University of Kuopio and National University of Singapore. Studies gave me wide knowledge of how both nature and industrial processes work. As a graduated engineer I moved to Helsinki and first worked in training company AEL and later in the European Chemicals Agency (ECHA).<\/p>\n<p>Even though the work in ECHA was very motivating and challenging (+ well-paid), I resigned and moved back to my home town, Kajaani. During the same week we also celebrated our weddings. Luckily things sorted out and I was employed by Kainuun Etu, for an EU project, English as working language still and for a Greek-origin boss. Simultaneously I stood as a candidate in the municipal elections. The political career began well, as I was elected to the Kajaani city council.<\/p>\n<div id=\"attachment_710\" style=\"width: 310px\" class=\"wp-caption alignleft\"><a href=\"http:\/\/siljakeranen.fi\/blogi\/wp-content\/uploads\/2012\/08\/Mets\u00e4t.jpg\"><img loading=\"lazy\" decoding=\"async\" aria-describedby=\"caption-attachment-710\" class=\"wp-image-710 size-medium\" src=\"http:\/\/siljakeranen.fi\/blogi\/wp-content\/uploads\/2012\/08\/Mets\u00e4t-300x225.jpg\" alt=\"Mets\u00e4t\" width=\"300\" height=\"225\"><\/a><p id=\"caption-attachment-710\" class=\"wp-caption-text\">Skiing in a forest<\/p><\/div>\n<p>When I need to mention my hobbies, scouting is always there. I have been a scout since seven years old. During these thirty years I have done many different things \u2013 being a group leader for children, travelled to India for a seminar and acted as a board member for Finnish national scout organisation. In addition to scouting I like different outdoor activities i.e. hiking, skiing, skating etc.<\/p>\n<p>I also want to mention my three lovely kids. They give me enormous amounts of love and joy, also grey hairs \u2013 but they definitely increase my motivation to be active in politics. It is basically the world we create to them, and that world I want to be as good as possible.<\/p>\n<p>Guess what: We had municipal elections in April 2017. And out of all candidates, I was the one getting most votes in whole Kainuu. 546 votes, when the second best got a bit less than 400. Me \u2013 youngish Green lady got most of the votes in Kainuu! The world really seems to be changing.<\/p>\n<p>After that I was leading the preparation of the agriculture policy paper in the Finnish Green party. I have also been writing a lot about the sustainable forestry. This active writing eventually led to the invitation to Linnan juhlat (this famous hand-shaking party we have on our Independence Day where 2000 invitees shake hands with the president and almost two million people watch it from TV).<\/p>\n<p><a href=\"https:\/\/siljakeranen.fi\/blogi\/wp-content\/uploads\/2019\/12\/puoluejohto_2520-pienempi-e1577790540879.jpg\"><img loading=\"lazy\" decoding=\"async\" class=\"size-medium wp-image-1873 alignright\" src=\"https:\/\/siljakeranen.fi\/blogi\/wp-content\/uploads\/2019\/12\/puoluejohto_2520-pienempi-e1577790540879-300x141.jpg\" alt=\"\" width=\"300\" height=\"141\" srcset=\"https:\/\/siljakeranen.fi\/blogi\/wp-content\/uploads\/2019\/12\/puoluejohto_2520-pienempi-e1577790540879-300x141.jpg 300w, https:\/\/siljakeranen.fi\/blogi\/wp-content\/uploads\/2019\/12\/puoluejohto_2520-pienempi-e1577790540879-1024x482.jpg 1024w, https:\/\/siljakeranen.fi\/blogi\/wp-content\/uploads\/2019\/12\/puoluejohto_2520-pienempi-e1577790540879-768x361.jpg 768w, https:\/\/siljakeranen.fi\/blogi\/wp-content\/uploads\/2019\/12\/puoluejohto_2520-pienempi-e1577790540879.jpg 1473w\" sizes=\"auto, (max-width: 300px) 100vw, 300px\" \/><\/a>I have also been running as a candidate for the Finnish national parliament., as well for the European parliament: 2303 votes gained for the national and 4801 votes for European &#8211; didn&#8217;t grant membership. As last, but not least: our Green party elections. There I was elected to chair our party council. I&#8217;m extremely delighted, happy and proud to be in such position. &lt;3&nbsp;<\/p>\n<p>Currently I&#8217;m working for Kajaani University of Applied Sciences in the low-carbon and circular economy projects. Autumn 2021 my book was published. It&#8217;s called &#8217;Miss\u00e4 syrj\u00e4 sijaitsee? -Kun kaupunki ei ole kaikki.&#8221; and it&#8217;s about regional development, regional politics and life in different areas of the country.&nbsp;<\/p>\n<p>In 2021 I was elected for the second term as a chair in Green party council, and for the third term for Kajaani city council. In the beginning of 2022 new social and healthcare council was elected &#8211; I&#8217;m a member there. In June 2023 my term as a chair of the party council ended and I was elected for a vice-chair of the Green party, until the summer 2025.&nbsp;<\/p>\n<p>In the spring there were elections for the Kajaani city council and Kainuu regional healthcare council. I was elected to continue in both of them, and I&#8217;m very grateful of that!&nbsp;<\/p>\n<div style=\"padding-bottom:20px; padding-top:10px;\" class=\"hupso-share-buttons\"><!-- Hupso Share Buttons - https:\/\/www.hupso.com\/share\/ --><a class=\"hupso_counters\" href=\"https:\/\/www.hupso.com\/share\/\"><img decoding=\"async\" src=\"https:\/\/static.hupso.com\/share\/buttons\/share-small.png\" style=\"border:0px; padding-top:2px; float:left;\" alt=\"Share Button\"\/><\/a><script type=\"text\/javascript\">var hupso_services_c=new Array(\"twitter\",\"facebook_like\",\"facebook_send\",\"google\");var hupso_counters_lang = \"en_US\";var hupso_image_folder_url = \"\";var hupso_url_c=\"\";var hupso_title_c=\"In%20English\";<\/script><script type=\"text\/javascript\" src=\"https:\/\/static.hupso.com\/share\/js\/counters.js\"><\/script><!-- Hupso Share Buttons --><\/div>","protected":false},"excerpt":{"rendered":"<p>I think it\u2019s nice to have something also in English. This English page is there also to remind that we are not homogenous society and we should not be \u2013 but also because English has been my working language ten years. (Ou my \u2013 am I that old that my working life is 10+ years\u2026) [&hellip;]<\/p>\n<div style=\"padding-bottom:20px; padding-top:10px;\" class=\"hupso-share-buttons\"><!-- Hupso Share Buttons - https:\/\/www.hupso.com\/share\/ --><a class=\"hupso_counters\" href=\"https:\/\/www.hupso.com\/share\/\"><img src=\"https:\/\/static.hupso.com\/share\/buttons\/share-small.png\" style=\"border:0px; padding-top:2px; float:left;\" alt=\"Share Button\"\/><\/a><script type=\"text\/javascript\">var hupso_services_c=new Array(\"twitter\",\"facebook_like\",\"facebook_send\",\"google\");var hupso_counters_lang = \"en_US\";var hupso_image_folder_url = \"\";var hupso_url_c=\"\";var hupso_title_c=\"In%20English\";<\/script><script type=\"text\/javascript\" src=\"https:\/\/static.hupso.com\/share\/js\/counters.js\"><\/script><!-- Hupso Share Buttons --><\/div>","protected":false},"author":1,"featured_media":2505,"parent":0,"menu_order":5,"comment_status":"closed","ping_status":"closed","template":"","meta":{"ngg_post_thumbnail":0,"footnotes":""},"class_list":["post-27","page","type-page","status-publish","has-post-thumbnail"],"yoast_head":"<!-- This site is optimized with the Yoast SEO plugin v27.3 - https:\/\/yoast.com\/product\/yoast-seo-wordpress\/ -->\n<title>In English - Silja Ker\u00e4nen<\/title>\n<meta name=\"robots\" content=\"index, follow, max-snippet:-1, max-image-preview:large, max-video-preview:-1\" \/>\n<link rel=\"canonical\" href=\"https:\/\/siljakeranen.fi\/blogi\/in-english\/\" \/>\n<meta property=\"og:locale\" content=\"fi_FI\" \/>\n<meta property=\"og:type\" content=\"article\" \/>\n<meta property=\"og:title\" content=\"In English - Silja Ker\u00e4nen\" \/>\n<meta property=\"og:description\" content=\"I think it\u2019s nice to have something also in English. This English page is there also to remind that we are not homogenous society and we should not be \u2013 but also because English has been my working language ten years. (Ou my \u2013 am I that old that my working life is 10+ years\u2026) [&hellip;]\" \/>\n<meta property=\"og:url\" content=\"https:\/\/siljakeranen.fi\/blogi\/in-english\/\" \/>\n<meta property=\"og:site_name\" content=\"Silja Ker\u00e4nen\" \/>\n<meta property=\"article:publisher\" content=\"https:\/\/www.facebook.com\/siljamkeranen\" \/>\n<meta property=\"article:modified_time\" content=\"2025-11-14T12:01:50+00:00\" \/>\n<meta property=\"og:image\" content=\"https:\/\/siljakeranen.fi\/blogi\/wp-content\/uploads\/2019\/05\/eurovaaliehdokas_esittelykuva_SiljaKera\u0308nen-pienempi.jpg\" \/>\n\t<meta property=\"og:image:width\" content=\"1250\" \/>\n\t<meta property=\"og:image:height\" content=\"1250\" \/>\n\t<meta property=\"og:image:type\" content=\"image\/jpeg\" \/>\n<meta name=\"twitter:card\" content=\"summary_large_image\" \/>\n<meta name=\"twitter:site\" content=\"@SiljaMP\" \/>\n<meta name=\"twitter:label1\" content=\"Arvioitu lukuaika\" \/>\n\t<meta name=\"twitter:data1\" content=\"6 minuuttia\" \/>\n<script type=\"application\/ld+json\" class=\"yoast-schema-graph\">{\"@context\":\"https:\\\/\\\/schema.org\",\"@graph\":[{\"@type\":\"WebPage\",\"@id\":\"https:\\\/\\\/siljakeranen.fi\\\/blogi\\\/in-english\\\/\",\"url\":\"https:\\\/\\\/siljakeranen.fi\\\/blogi\\\/in-english\\\/\",\"name\":\"In English - Silja Ker\u00e4nen\",\"isPartOf\":{\"@id\":\"https:\\\/\\\/siljakeranen.fi\\\/blogi\\\/#website\"},\"primaryImageOfPage\":{\"@id\":\"https:\\\/\\\/siljakeranen.fi\\\/blogi\\\/in-english\\\/#primaryimage\"},\"image\":{\"@id\":\"https:\\\/\\\/siljakeranen.fi\\\/blogi\\\/in-english\\\/#primaryimage\"},\"thumbnailUrl\":\"https:\\\/\\\/siljakeranen.fi\\\/blogi\\\/wp-content\\\/uploads\\\/2022\\\/12\\\/3L3A9919-e1672230586347.jpg\",\"datePublished\":\"2012-08-30T17:00:29+00:00\",\"dateModified\":\"2025-11-14T12:01:50+00:00\",\"breadcrumb\":{\"@id\":\"https:\\\/\\\/siljakeranen.fi\\\/blogi\\\/in-english\\\/#breadcrumb\"},\"inLanguage\":\"fi\",\"potentialAction\":[{\"@type\":\"ReadAction\",\"target\":[\"https:\\\/\\\/siljakeranen.fi\\\/blogi\\\/in-english\\\/\"]}]},{\"@type\":\"ImageObject\",\"inLanguage\":\"fi\",\"@id\":\"https:\\\/\\\/siljakeranen.fi\\\/blogi\\\/in-english\\\/#primaryimage\",\"url\":\"https:\\\/\\\/siljakeranen.fi\\\/blogi\\\/wp-content\\\/uploads\\\/2022\\\/12\\\/3L3A9919-e1672230586347.jpg\",\"contentUrl\":\"https:\\\/\\\/siljakeranen.fi\\\/blogi\\\/wp-content\\\/uploads\\\/2022\\\/12\\\/3L3A9919-e1672230586347.jpg\",\"width\":2012,\"height\":1203,\"caption\":\"Silja Ker\u00e4nen\"},{\"@type\":\"BreadcrumbList\",\"@id\":\"https:\\\/\\\/siljakeranen.fi\\\/blogi\\\/in-english\\\/#breadcrumb\",\"itemListElement\":[{\"@type\":\"ListItem\",\"position\":1,\"name\":\"Etusivu\",\"item\":\"https:\\\/\\\/siljakeranen.fi\\\/blogi\\\/\"},{\"@type\":\"ListItem\",\"position\":2,\"name\":\"In English\"}]},{\"@type\":\"WebSite\",\"@id\":\"https:\\\/\\\/siljakeranen.fi\\\/blogi\\\/#website\",\"url\":\"https:\\\/\\\/siljakeranen.fi\\\/blogi\\\/\",\"name\":\"Silja Ker\u00e4nen\",\"description\":\"Silja Ker\u00e4nen, kainuulainen vihre\u00e4 poliitikko\",\"publisher\":{\"@id\":\"https:\\\/\\\/siljakeranen.fi\\\/blogi\\\/#\\\/schema\\\/person\\\/d43605ef0d5681c1b27a4ba1fede1cf4\"},\"potentialAction\":[{\"@type\":\"SearchAction\",\"target\":{\"@type\":\"EntryPoint\",\"urlTemplate\":\"https:\\\/\\\/siljakeranen.fi\\\/blogi\\\/?s={search_term_string}\"},\"query-input\":{\"@type\":\"PropertyValueSpecification\",\"valueRequired\":true,\"valueName\":\"search_term_string\"}}],\"inLanguage\":\"fi\"},{\"@type\":[\"Person\",\"Organization\"],\"@id\":\"https:\\\/\\\/siljakeranen.fi\\\/blogi\\\/#\\\/schema\\\/person\\\/d43605ef0d5681c1b27a4ba1fede1cf4\",\"name\":\"Silja\",\"image\":{\"@type\":\"ImageObject\",\"inLanguage\":\"fi\",\"@id\":\"https:\\\/\\\/siljakeranen.fi\\\/blogi\\\/wp-content\\\/uploads\\\/2023\\\/01\\\/cropped-silja_250x100.png\",\"url\":\"https:\\\/\\\/siljakeranen.fi\\\/blogi\\\/wp-content\\\/uploads\\\/2023\\\/01\\\/cropped-silja_250x100.png\",\"contentUrl\":\"https:\\\/\\\/siljakeranen.fi\\\/blogi\\\/wp-content\\\/uploads\\\/2023\\\/01\\\/cropped-silja_250x100.png\",\"width\":250,\"height\":100,\"caption\":\"Silja\"},\"logo\":{\"@id\":\"https:\\\/\\\/siljakeranen.fi\\\/blogi\\\/wp-content\\\/uploads\\\/2023\\\/01\\\/cropped-silja_250x100.png\"},\"sameAs\":[\"http:\\\/\\\/www.siljakeranen.fi\",\"https:\\\/\\\/www.facebook.com\\\/siljamkeranen\",\"https:\\\/\\\/www.instagram.com\\\/siljakeranen\\\/\",\"https:\\\/\\\/www.linkedin.com\\\/in\\\/silja-kernen-4331b548\\\/\",\"https:\\\/\\\/x.com\\\/https:\\\/\\\/twitter.com\\\/SiljaMP\",\"https:\\\/\\\/www.youtube.com\\\/channel\\\/UC0MWeuoWP4-Mjs1z8pIv3GQ\",\"https:\\\/\\\/fi.wikipedia.org\\\/wiki\\\/Silja_Kernen\"]}]}<\/script>\n<!-- \/ Yoast SEO plugin. -->","yoast_head_json":{"title":"In English - Silja Ker\u00e4nen","robots":{"index":"index","follow":"follow","max-snippet":"max-snippet:-1","max-image-preview":"max-image-preview:large","max-video-preview":"max-video-preview:-1"},"canonical":"https:\/\/siljakeranen.fi\/blogi\/in-english\/","og_locale":"fi_FI","og_type":"article","og_title":"In English - Silja Ker\u00e4nen","og_description":"I think it\u2019s nice to have something also in English. This English page is there also to remind that we are not homogenous society and we should not be \u2013 but also because English has been my working language ten years. (Ou my \u2013 am I that old that my working life is 10+ years\u2026) [&hellip;]","og_url":"https:\/\/siljakeranen.fi\/blogi\/in-english\/","og_site_name":"Silja Ker\u00e4nen","article_publisher":"https:\/\/www.facebook.com\/siljamkeranen","article_modified_time":"2025-11-14T12:01:50+00:00","og_image":[{"width":1250,"height":1250,"url":"https:\/\/siljakeranen.fi\/blogi\/wp-content\/uploads\/2019\/05\/eurovaaliehdokas_esittelykuva_SiljaKera\u0308nen-pienempi.jpg","type":"image\/jpeg"}],"twitter_card":"summary_large_image","twitter_site":"@SiljaMP","twitter_misc":{"Arvioitu lukuaika":"6 minuuttia"},"schema":{"@context":"https:\/\/schema.org","@graph":[{"@type":"WebPage","@id":"https:\/\/siljakeranen.fi\/blogi\/in-english\/","url":"https:\/\/siljakeranen.fi\/blogi\/in-english\/","name":"In English - Silja Ker\u00e4nen","isPartOf":{"@id":"https:\/\/siljakeranen.fi\/blogi\/#website"},"primaryImageOfPage":{"@id":"https:\/\/siljakeranen.fi\/blogi\/in-english\/#primaryimage"},"image":{"@id":"https:\/\/siljakeranen.fi\/blogi\/in-english\/#primaryimage"},"thumbnailUrl":"https:\/\/siljakeranen.fi\/blogi\/wp-content\/uploads\/2022\/12\/3L3A9919-e1672230586347.jpg","datePublished":"2012-08-30T17:00:29+00:00","dateModified":"2025-11-14T12:01:50+00:00","breadcrumb":{"@id":"https:\/\/siljakeranen.fi\/blogi\/in-english\/#breadcrumb"},"inLanguage":"fi","potentialAction":[{"@type":"ReadAction","target":["https:\/\/siljakeranen.fi\/blogi\/in-english\/"]}]},{"@type":"ImageObject","inLanguage":"fi","@id":"https:\/\/siljakeranen.fi\/blogi\/in-english\/#primaryimage","url":"https:\/\/siljakeranen.fi\/blogi\/wp-content\/uploads\/2022\/12\/3L3A9919-e1672230586347.jpg","contentUrl":"https:\/\/siljakeranen.fi\/blogi\/wp-content\/uploads\/2022\/12\/3L3A9919-e1672230586347.jpg","width":2012,"height":1203,"caption":"Silja Ker\u00e4nen"},{"@type":"BreadcrumbList","@id":"https:\/\/siljakeranen.fi\/blogi\/in-english\/#breadcrumb","itemListElement":[{"@type":"ListItem","position":1,"name":"Etusivu","item":"https:\/\/siljakeranen.fi\/blogi\/"},{"@type":"ListItem","position":2,"name":"In English"}]},{"@type":"WebSite","@id":"https:\/\/siljakeranen.fi\/blogi\/#website","url":"https:\/\/siljakeranen.fi\/blogi\/","name":"Silja Ker\u00e4nen","description":"Silja Ker\u00e4nen, kainuulainen vihre\u00e4 poliitikko","publisher":{"@id":"https:\/\/siljakeranen.fi\/blogi\/#\/schema\/person\/d43605ef0d5681c1b27a4ba1fede1cf4"},"potentialAction":[{"@type":"SearchAction","target":{"@type":"EntryPoint","urlTemplate":"https:\/\/siljakeranen.fi\/blogi\/?s={search_term_string}"},"query-input":{"@type":"PropertyValueSpecification","valueRequired":true,"valueName":"search_term_string"}}],"inLanguage":"fi"},{"@type":["Person","Organization"],"@id":"https:\/\/siljakeranen.fi\/blogi\/#\/schema\/person\/d43605ef0d5681c1b27a4ba1fede1cf4","name":"Silja","image":{"@type":"ImageObject","inLanguage":"fi","@id":"https:\/\/siljakeranen.fi\/blogi\/wp-content\/uploads\/2023\/01\/cropped-silja_250x100.png","url":"https:\/\/siljakeranen.fi\/blogi\/wp-content\/uploads\/2023\/01\/cropped-silja_250x100.png","contentUrl":"https:\/\/siljakeranen.fi\/blogi\/wp-content\/uploads\/2023\/01\/cropped-silja_250x100.png","width":250,"height":100,"caption":"Silja"},"logo":{"@id":"https:\/\/siljakeranen.fi\/blogi\/wp-content\/uploads\/2023\/01\/cropped-silja_250x100.png"},"sameAs":["http:\/\/www.siljakeranen.fi","https:\/\/www.facebook.com\/siljamkeranen","https:\/\/www.instagram.com\/siljakeranen\/","https:\/\/www.linkedin.com\/in\/silja-kernen-4331b548\/","https:\/\/x.com\/https:\/\/twitter.com\/SiljaMP","https:\/\/www.youtube.com\/channel\/UC0MWeuoWP4-Mjs1z8pIv3GQ","https:\/\/fi.wikipedia.org\/wiki\/Silja_Kernen"]}]}},"_links":{"self":[{"href":"https:\/\/siljakeranen.fi\/blogi\/wp-json\/wp\/v2\/pages\/27","targetHints":{"allow":["GET"]}}],"collection":[{"href":"https:\/\/siljakeranen.fi\/blogi\/wp-json\/wp\/v2\/pages"}],"about":[{"href":"https:\/\/siljakeranen.fi\/blogi\/wp-json\/wp\/v2\/types\/page"}],"author":[{"embeddable":true,"href":"https:\/\/siljakeranen.fi\/blogi\/wp-json\/wp\/v2\/users\/1"}],"replies":[{"embeddable":true,"href":"https:\/\/siljakeranen.fi\/blogi\/wp-json\/wp\/v2\/comments?post=27"}],"version-history":[{"count":26,"href":"https:\/\/siljakeranen.fi\/blogi\/wp-json\/wp\/v2\/pages\/27\/revisions"}],"predecessor-version":[{"id":3135,"href":"https:\/\/siljakeranen.fi\/blogi\/wp-json\/wp\/v2\/pages\/27\/revisions\/3135"}],"wp:featuredmedia":[{"embeddable":true,"href":"https:\/\/siljakeranen.fi\/blogi\/wp-json\/wp\/v2\/media\/2505"}],"wp:attachment":[{"href":"https:\/\/siljakeranen.fi\/blogi\/wp-json\/wp\/v2\/media?parent=27"}],"curies":[{"name":"wp","href":"https:\/\/api.w.org\/{rel}","templated":true}]}}