{"id":2808,"date":"2024-03-23T14:38:30","date_gmt":"2024-03-23T12:38:30","guid":{"rendered":"https:\/\/siljakeranen.fi\/blogi\/?page_id=2808"},"modified":"2026-01-09T14:16:56","modified_gmt":"2026-01-09T12:16:56","slug":"kirja","status":"publish","type":"page","link":"https:\/\/siljakeranen.fi\/blogi\/kirja\/","title":{"rendered":"Miss\u00e4 syrj\u00e4 sijaitsee?"},"content":{"rendered":"<p>Olen kirjoittanut aluepolitiikkaa ja aluekehityst\u00e4 k\u00e4sittelev\u00e4 kertomuksellisen tietokirjan. Sen kustansi Kirjapaja.&nbsp;<\/p>\n<p>Kirja ilmestyi syksyll\u00e4 2021, mutta se on aikamoisen ajankohtainen edelleen. Minulla on n\u00e4it\u00e4 myynniss\u00e4 20 euron hintaan. (+ 5 e mahdollisia postikuluja) Jos haluat tilata kappaleen itselle, laita viesti\u00e4: silja.keranen [ \u00e4 ] iki.fi<\/p>\n<p>&nbsp;<\/p>\n<p><em>Miss\u00e4 syrj\u00e4 sijaitsee? \u2013 Kun kaupunki ei ole kaikki<\/em> -teos kertoo siit\u00e4, millaista on asua eri puolilla maata. Mitk\u00e4 tekij\u00e4t asuinpaikkavalintoihin vaikuttavat. Millaista el\u00e4m\u00e4 on isojen kaupunkien ulkopuolella. Ja toisaalta, mit\u00e4 on<a href=\"https:\/\/siljakeranen.fi\/blogi\/wp-content\/uploads\/2021\/04\/Missa\u0308_syrja\u0308_sijaitsee-.jpeg\"><img loading=\"lazy\" decoding=\"async\" class=\"size-medium wp-image-2088 alignright\" src=\"https:\/\/siljakeranen.fi\/blogi\/wp-content\/uploads\/2021\/04\/Missa\u0308_syrja\u0308_sijaitsee--193x300.jpeg\" alt=\"\" width=\"193\" height=\"300\" srcset=\"https:\/\/siljakeranen.fi\/blogi\/wp-content\/uploads\/2021\/04\/Missa\u0308_syrja\u0308_sijaitsee--193x300.jpeg 193w, https:\/\/siljakeranen.fi\/blogi\/wp-content\/uploads\/2021\/04\/Missa\u0308_syrja\u0308_sijaitsee--658x1024.jpeg 658w, https:\/\/siljakeranen.fi\/blogi\/wp-content\/uploads\/2021\/04\/Missa\u0308_syrja\u0308_sijaitsee--768x1194.jpeg 768w, https:\/\/siljakeranen.fi\/blogi\/wp-content\/uploads\/2021\/04\/Missa\u0308_syrja\u0308_sijaitsee--988x1536.jpeg 988w, https:\/\/siljakeranen.fi\/blogi\/wp-content\/uploads\/2021\/04\/Missa\u0308_syrja\u0308_sijaitsee--1317x2048.jpeg 1317w, https:\/\/siljakeranen.fi\/blogi\/wp-content\/uploads\/2021\/04\/Missa\u0308_syrja\u0308_sijaitsee-.jpeg 1594w\" sizes=\"auto, (max-width: 193px) 100vw, 193px\" \/><\/a> kaupungistumisen taustalla.<\/p>\n<p>Oma tarinani kulkee taustalla, muiden ihmisten tarinoiden ohessa. Olen tietysti haastatellut my\u00f6s eri alojen asiantuntijoita, ja se on suunnattoman mielek\u00e4st\u00e4.<\/p>\n<p>T\u00e4t\u00e4 oli ihan valtavan inspiroivaa kirjoittaa, kun saa avata erilaisia kehityskulkuja sote-palveluista kouluverkkoon ja toisaalta pohtia miten t\u00e4h\u00e4n on tultu ja etenkin sit\u00e4, mit\u00e4 n\u00e4kyy tulevaisuudessa. Miten korona muutti ty\u00f6ntekoa, monipaikkaisuutta ja muuttoliikett\u00e4 kertarytin\u00e4ll\u00e4. Laittanut monet etsim\u00e4\u00e4n hyv\u00e4n el\u00e4m\u00e4n palasia ihan uudella kulmalla.<\/p>\n<p>Ja toisaalta, miten osataan asettaa el\u00e4m\u00e4 maapallon kantokyvyn raameihin siten, ett\u00e4 kunkin oma el\u00e4m\u00e4 olisi mahdollisimman kest\u00e4v\u00e4\u00e4 asuinpaikasta riippumatta. Samalla n\u00e4en todella paljon elinkeinomahdollisuuksia isojen kaupunkien ulkopuoliselle Suomelle, kun siirryt\u00e4\u00e4n kohti kest\u00e4v\u00e4\u00e4, v\u00e4h\u00e4hiilist\u00e4 maailmaa.<\/p>\n<p>Esittelyteksti kuvaa teosta seuraavasti:<\/p>\n<p style=\"padding-left: 40px;\"><em>Maaseutu vai kaupunki? Suurkaupunki vai pikkukaupunki? T\u00e4\u00e4ll\u00e4 vai siell\u00e4 vai sek\u00e4 t\u00e4\u00e4ll\u00e4 ett\u00e4 siell\u00e4? Viimeist\u00e4\u00e4n koronavuosi on saanut monet miettim\u00e4\u00e4n my\u00f6s asuinpaikkaansa. Per\u00e4kyl\u00e4t ovat tehneet paluun ja trendsetterit hakeutuvat maaseudun rauhaan.<\/em><\/p>\n<p style=\"padding-left: 40px;\"><em>Millaista on el\u00e4m\u00e4 kasvukeskusten ulkopuolella? Mik\u00e4 saa ihmisen vaihtamaan suurkaupungin pienemp\u00e4\u00e4n paikkakuntaan? Ent\u00e4 mit\u00e4 aluepolitiikka, tuo karvalakkil\u00e4hetyst\u00f6jen jykev\u00e4 turvasana, t\u00e4n\u00e4 p\u00e4iv\u00e4n\u00e4 oikeastaan tarkoittaa, ja miksi sill\u00e4 on merkityst\u00e4 ihan jokaiselle, kuljetpa raitiovaunulla tai potkukelkalla?<\/em><\/p>\n<p style=\"padding-left: 40px;\"><em>Silja Ker\u00e4sen teos on omakohtainen matka alueiden Suomeen ja el\u00e4misen my\u00f6t\u00e4- ja vastam\u00e4kiin siell\u00e4, mit\u00e4 tavataan kutsua maaseuduksi; kyliin, kuntiin ja pikkukaupunkeihin.<\/em><br \/>\n<em>Teos etsii ja l\u00f6yt\u00e4\u00e4 vastauksia siihen, millainen on el\u00e4v\u00e4 Suomi t\u00e4n\u00e4\u00e4n ja tulevaisuudessa.<\/em><\/p>\n<p style=\"padding-left: 40px;\"><em>Silja Ker\u00e4nen on Helsingin ja Singaporen kautta takaisin kotiseudulle Kajaaniin palannut diplomi-insin\u00f6\u00f6ri. Vihre\u00e4n\u00e4 poliitikkona Kainuussa toimiessaan h\u00e4n on saanut perehty\u00e4 siihen, mist\u00e4 alueiden elinvoima syntyy.<\/em><\/p>\n<div style=\"padding-bottom:20px; padding-top:10px;\" class=\"hupso-share-buttons\"><!-- Hupso Share Buttons - https:\/\/www.hupso.com\/share\/ --><a class=\"hupso_counters\" href=\"https:\/\/www.hupso.com\/share\/\"><img decoding=\"async\" src=\"https:\/\/static.hupso.com\/share\/buttons\/share-small.png\" style=\"border:0px; padding-top:2px; float:left;\" alt=\"Share Button\"\/><\/a><script type=\"text\/javascript\">var hupso_services_c=new Array(\"twitter\",\"facebook_like\",\"facebook_send\",\"google\");var hupso_counters_lang = \"en_US\";var hupso_image_folder_url = \"\";var hupso_url_c=\"\";var hupso_title_c=\"Miss%C3%A4%20syrj%C3%A4%20sijaitsee%3F\";<\/script><script type=\"text\/javascript\" src=\"https:\/\/static.hupso.com\/share\/js\/counters.js\"><\/script><!-- Hupso Share Buttons --><\/div>","protected":false},"excerpt":{"rendered":"<p>Olen kirjoittanut aluepolitiikkaa ja aluekehityst\u00e4 k\u00e4sittelev\u00e4 kertomuksellisen tietokirjan. Sen kustansi Kirjapaja.&nbsp; Kirja ilmestyi syksyll\u00e4 2021, mutta se on aikamoisen ajankohtainen edelleen. Minulla on n\u00e4it\u00e4 myynniss\u00e4 20 euron hintaan. (+ 5 e mahdollisia postikuluja) Jos haluat tilata kappaleen itselle, laita viesti\u00e4: silja.keranen [ \u00e4 ] iki.fi &nbsp; Miss\u00e4 syrj\u00e4 sijaitsee? \u2013 Kun kaupunki ei ole kaikki [&hellip;]<\/p>\n<div style=\"padding-bottom:20px; padding-top:10px;\" class=\"hupso-share-buttons\"><!-- Hupso Share Buttons - https:\/\/www.hupso.com\/share\/ --><a class=\"hupso_counters\" href=\"https:\/\/www.hupso.com\/share\/\"><img src=\"https:\/\/static.hupso.com\/share\/buttons\/share-small.png\" style=\"border:0px; padding-top:2px; float:left;\" alt=\"Share Button\"\/><\/a><script type=\"text\/javascript\">var hupso_services_c=new Array(\"twitter\",\"facebook_like\",\"facebook_send\",\"google\");var hupso_counters_lang = \"en_US\";var hupso_image_folder_url = \"\";var hupso_url_c=\"\";var hupso_title_c=\"Miss%C3%A4%20syrj%C3%A4%20sijaitsee%3F\";<\/script><script type=\"text\/javascript\" src=\"https:\/\/static.hupso.com\/share\/js\/counters.js\"><\/script><!-- Hupso Share Buttons --><\/div>","protected":false},"author":1,"featured_media":2188,"parent":0,"menu_order":0,"comment_status":"closed","ping_status":"closed","template":"","meta":{"ngg_post_thumbnail":0,"footnotes":""},"class_list":["post-2808","page","type-page","status-publish","has-post-thumbnail"],"yoast_head":"<!-- This site is optimized with the Yoast SEO plugin v27.3 - https:\/\/yoast.com\/product\/yoast-seo-wordpress\/ -->\n<title>Miss\u00e4 syrj\u00e4 sijaitsee? - Silja Ker\u00e4nen<\/title>\n<meta name=\"robots\" content=\"index, follow, max-snippet:-1, max-image-preview:large, max-video-preview:-1\" \/>\n<link rel=\"canonical\" href=\"https:\/\/siljakeranen.fi\/blogi\/kirja\/\" \/>\n<meta property=\"og:locale\" content=\"fi_FI\" \/>\n<meta property=\"og:type\" content=\"article\" \/>\n<meta property=\"og:title\" content=\"Miss\u00e4 syrj\u00e4 sijaitsee? - Silja Ker\u00e4nen\" \/>\n<meta property=\"og:description\" content=\"Olen kirjoittanut aluepolitiikkaa ja aluekehityst\u00e4 k\u00e4sittelev\u00e4 kertomuksellisen tietokirjan. Sen kustansi Kirjapaja.&nbsp; Kirja ilmestyi syksyll\u00e4 2021, mutta se on aikamoisen ajankohtainen edelleen. Minulla on n\u00e4it\u00e4 myynniss\u00e4 20 euron hintaan. (+ 5 e mahdollisia postikuluja) Jos haluat tilata kappaleen itselle, laita viesti\u00e4: silja.keranen [ \u00e4 ] iki.fi &nbsp; Miss\u00e4 syrj\u00e4 sijaitsee? \u2013 Kun kaupunki ei ole kaikki [&hellip;]\" \/>\n<meta property=\"og:url\" content=\"https:\/\/siljakeranen.fi\/blogi\/kirja\/\" \/>\n<meta property=\"og:site_name\" content=\"Silja Ker\u00e4nen\" \/>\n<meta property=\"article:publisher\" content=\"https:\/\/www.facebook.com\/siljamkeranen\" \/>\n<meta property=\"article:modified_time\" content=\"2026-01-09T12:16:56+00:00\" \/>\n<meta property=\"og:image\" content=\"https:\/\/siljakeranen.fi\/blogi\/wp-content\/uploads\/2021\/11\/Facebook-kansi3.jpeg\" \/>\n\t<meta property=\"og:image:width\" content=\"1635\" \/>\n\t<meta property=\"og:image:height\" content=\"857\" \/>\n\t<meta property=\"og:image:type\" content=\"image\/jpeg\" \/>\n<meta name=\"twitter:card\" content=\"summary_large_image\" \/>\n<meta name=\"twitter:site\" content=\"@SiljaMP\" \/>\n<meta name=\"twitter:label1\" content=\"Arvioitu lukuaika\" \/>\n\t<meta name=\"twitter:data1\" content=\"3 minuuttia\" \/>\n<script type=\"application\/ld+json\" class=\"yoast-schema-graph\">{\"@context\":\"https:\\\/\\\/schema.org\",\"@graph\":[{\"@type\":\"WebPage\",\"@id\":\"https:\\\/\\\/siljakeranen.fi\\\/blogi\\\/kirja\\\/\",\"url\":\"https:\\\/\\\/siljakeranen.fi\\\/blogi\\\/kirja\\\/\",\"name\":\"Miss\u00e4 syrj\u00e4 sijaitsee? - Silja Ker\u00e4nen\",\"isPartOf\":{\"@id\":\"https:\\\/\\\/siljakeranen.fi\\\/blogi\\\/#website\"},\"primaryImageOfPage\":{\"@id\":\"https:\\\/\\\/siljakeranen.fi\\\/blogi\\\/kirja\\\/#primaryimage\"},\"image\":{\"@id\":\"https:\\\/\\\/siljakeranen.fi\\\/blogi\\\/kirja\\\/#primaryimage\"},\"thumbnailUrl\":\"https:\\\/\\\/siljakeranen.fi\\\/blogi\\\/wp-content\\\/uploads\\\/2021\\\/11\\\/Facebook-kansi3.jpeg\",\"datePublished\":\"2024-03-23T12:38:30+00:00\",\"dateModified\":\"2026-01-09T12:16:56+00:00\",\"breadcrumb\":{\"@id\":\"https:\\\/\\\/siljakeranen.fi\\\/blogi\\\/kirja\\\/#breadcrumb\"},\"inLanguage\":\"fi\",\"potentialAction\":[{\"@type\":\"ReadAction\",\"target\":[\"https:\\\/\\\/siljakeranen.fi\\\/blogi\\\/kirja\\\/\"]}]},{\"@type\":\"ImageObject\",\"inLanguage\":\"fi\",\"@id\":\"https:\\\/\\\/siljakeranen.fi\\\/blogi\\\/kirja\\\/#primaryimage\",\"url\":\"https:\\\/\\\/siljakeranen.fi\\\/blogi\\\/wp-content\\\/uploads\\\/2021\\\/11\\\/Facebook-kansi3.jpeg\",\"contentUrl\":\"https:\\\/\\\/siljakeranen.fi\\\/blogi\\\/wp-content\\\/uploads\\\/2021\\\/11\\\/Facebook-kansi3.jpeg\",\"width\":1635,\"height\":857},{\"@type\":\"BreadcrumbList\",\"@id\":\"https:\\\/\\\/siljakeranen.fi\\\/blogi\\\/kirja\\\/#breadcrumb\",\"itemListElement\":[{\"@type\":\"ListItem\",\"position\":1,\"name\":\"Etusivu\",\"item\":\"https:\\\/\\\/siljakeranen.fi\\\/blogi\\\/\"},{\"@type\":\"ListItem\",\"position\":2,\"name\":\"Miss\u00e4 syrj\u00e4 sijaitsee?\"}]},{\"@type\":\"WebSite\",\"@id\":\"https:\\\/\\\/siljakeranen.fi\\\/blogi\\\/#website\",\"url\":\"https:\\\/\\\/siljakeranen.fi\\\/blogi\\\/\",\"name\":\"Silja Ker\u00e4nen\",\"description\":\"Silja Ker\u00e4nen, kainuulainen vihre\u00e4 poliitikko\",\"publisher\":{\"@id\":\"https:\\\/\\\/siljakeranen.fi\\\/blogi\\\/#\\\/schema\\\/person\\\/d43605ef0d5681c1b27a4ba1fede1cf4\"},\"potentialAction\":[{\"@type\":\"SearchAction\",\"target\":{\"@type\":\"EntryPoint\",\"urlTemplate\":\"https:\\\/\\\/siljakeranen.fi\\\/blogi\\\/?s={search_term_string}\"},\"query-input\":{\"@type\":\"PropertyValueSpecification\",\"valueRequired\":true,\"valueName\":\"search_term_string\"}}],\"inLanguage\":\"fi\"},{\"@type\":[\"Person\",\"Organization\"],\"@id\":\"https:\\\/\\\/siljakeranen.fi\\\/blogi\\\/#\\\/schema\\\/person\\\/d43605ef0d5681c1b27a4ba1fede1cf4\",\"name\":\"Silja\",\"image\":{\"@type\":\"ImageObject\",\"inLanguage\":\"fi\",\"@id\":\"https:\\\/\\\/siljakeranen.fi\\\/blogi\\\/wp-content\\\/uploads\\\/2023\\\/01\\\/cropped-silja_250x100.png\",\"url\":\"https:\\\/\\\/siljakeranen.fi\\\/blogi\\\/wp-content\\\/uploads\\\/2023\\\/01\\\/cropped-silja_250x100.png\",\"contentUrl\":\"https:\\\/\\\/siljakeranen.fi\\\/blogi\\\/wp-content\\\/uploads\\\/2023\\\/01\\\/cropped-silja_250x100.png\",\"width\":250,\"height\":100,\"caption\":\"Silja\"},\"logo\":{\"@id\":\"https:\\\/\\\/siljakeranen.fi\\\/blogi\\\/wp-content\\\/uploads\\\/2023\\\/01\\\/cropped-silja_250x100.png\"},\"sameAs\":[\"http:\\\/\\\/www.siljakeranen.fi\",\"https:\\\/\\\/www.facebook.com\\\/siljamkeranen\",\"https:\\\/\\\/www.instagram.com\\\/siljakeranen\\\/\",\"https:\\\/\\\/www.linkedin.com\\\/in\\\/silja-kernen-4331b548\\\/\",\"https:\\\/\\\/x.com\\\/https:\\\/\\\/twitter.com\\\/SiljaMP\",\"https:\\\/\\\/www.youtube.com\\\/channel\\\/UC0MWeuoWP4-Mjs1z8pIv3GQ\",\"https:\\\/\\\/fi.wikipedia.org\\\/wiki\\\/Silja_Kernen\"]}]}<\/script>\n<!-- \/ Yoast SEO plugin. -->","yoast_head_json":{"title":"Miss\u00e4 syrj\u00e4 sijaitsee? - Silja Ker\u00e4nen","robots":{"index":"index","follow":"follow","max-snippet":"max-snippet:-1","max-image-preview":"max-image-preview:large","max-video-preview":"max-video-preview:-1"},"canonical":"https:\/\/siljakeranen.fi\/blogi\/kirja\/","og_locale":"fi_FI","og_type":"article","og_title":"Miss\u00e4 syrj\u00e4 sijaitsee? - Silja Ker\u00e4nen","og_description":"Olen kirjoittanut aluepolitiikkaa ja aluekehityst\u00e4 k\u00e4sittelev\u00e4 kertomuksellisen tietokirjan. Sen kustansi Kirjapaja.&nbsp; Kirja ilmestyi syksyll\u00e4 2021, mutta se on aikamoisen ajankohtainen edelleen. Minulla on n\u00e4it\u00e4 myynniss\u00e4 20 euron hintaan. (+ 5 e mahdollisia postikuluja) Jos haluat tilata kappaleen itselle, laita viesti\u00e4: silja.keranen [ \u00e4 ] iki.fi &nbsp; Miss\u00e4 syrj\u00e4 sijaitsee? \u2013 Kun kaupunki ei ole kaikki [&hellip;]","og_url":"https:\/\/siljakeranen.fi\/blogi\/kirja\/","og_site_name":"Silja Ker\u00e4nen","article_publisher":"https:\/\/www.facebook.com\/siljamkeranen","article_modified_time":"2026-01-09T12:16:56+00:00","og_image":[{"width":1635,"height":857,"url":"https:\/\/siljakeranen.fi\/blogi\/wp-content\/uploads\/2021\/11\/Facebook-kansi3.jpeg","type":"image\/jpeg"}],"twitter_card":"summary_large_image","twitter_site":"@SiljaMP","twitter_misc":{"Arvioitu lukuaika":"3 minuuttia"},"schema":{"@context":"https:\/\/schema.org","@graph":[{"@type":"WebPage","@id":"https:\/\/siljakeranen.fi\/blogi\/kirja\/","url":"https:\/\/siljakeranen.fi\/blogi\/kirja\/","name":"Miss\u00e4 syrj\u00e4 sijaitsee? - Silja Ker\u00e4nen","isPartOf":{"@id":"https:\/\/siljakeranen.fi\/blogi\/#website"},"primaryImageOfPage":{"@id":"https:\/\/siljakeranen.fi\/blogi\/kirja\/#primaryimage"},"image":{"@id":"https:\/\/siljakeranen.fi\/blogi\/kirja\/#primaryimage"},"thumbnailUrl":"https:\/\/siljakeranen.fi\/blogi\/wp-content\/uploads\/2021\/11\/Facebook-kansi3.jpeg","datePublished":"2024-03-23T12:38:30+00:00","dateModified":"2026-01-09T12:16:56+00:00","breadcrumb":{"@id":"https:\/\/siljakeranen.fi\/blogi\/kirja\/#breadcrumb"},"inLanguage":"fi","potentialAction":[{"@type":"ReadAction","target":["https:\/\/siljakeranen.fi\/blogi\/kirja\/"]}]},{"@type":"ImageObject","inLanguage":"fi","@id":"https:\/\/siljakeranen.fi\/blogi\/kirja\/#primaryimage","url":"https:\/\/siljakeranen.fi\/blogi\/wp-content\/uploads\/2021\/11\/Facebook-kansi3.jpeg","contentUrl":"https:\/\/siljakeranen.fi\/blogi\/wp-content\/uploads\/2021\/11\/Facebook-kansi3.jpeg","width":1635,"height":857},{"@type":"BreadcrumbList","@id":"https:\/\/siljakeranen.fi\/blogi\/kirja\/#breadcrumb","itemListElement":[{"@type":"ListItem","position":1,"name":"Etusivu","item":"https:\/\/siljakeranen.fi\/blogi\/"},{"@type":"ListItem","position":2,"name":"Miss\u00e4 syrj\u00e4 sijaitsee?"}]},{"@type":"WebSite","@id":"https:\/\/siljakeranen.fi\/blogi\/#website","url":"https:\/\/siljakeranen.fi\/blogi\/","name":"Silja Ker\u00e4nen","description":"Silja Ker\u00e4nen, kainuulainen vihre\u00e4 poliitikko","publisher":{"@id":"https:\/\/siljakeranen.fi\/blogi\/#\/schema\/person\/d43605ef0d5681c1b27a4ba1fede1cf4"},"potentialAction":[{"@type":"SearchAction","target":{"@type":"EntryPoint","urlTemplate":"https:\/\/siljakeranen.fi\/blogi\/?s={search_term_string}"},"query-input":{"@type":"PropertyValueSpecification","valueRequired":true,"valueName":"search_term_string"}}],"inLanguage":"fi"},{"@type":["Person","Organization"],"@id":"https:\/\/siljakeranen.fi\/blogi\/#\/schema\/person\/d43605ef0d5681c1b27a4ba1fede1cf4","name":"Silja","image":{"@type":"ImageObject","inLanguage":"fi","@id":"https:\/\/siljakeranen.fi\/blogi\/wp-content\/uploads\/2023\/01\/cropped-silja_250x100.png","url":"https:\/\/siljakeranen.fi\/blogi\/wp-content\/uploads\/2023\/01\/cropped-silja_250x100.png","contentUrl":"https:\/\/siljakeranen.fi\/blogi\/wp-content\/uploads\/2023\/01\/cropped-silja_250x100.png","width":250,"height":100,"caption":"Silja"},"logo":{"@id":"https:\/\/siljakeranen.fi\/blogi\/wp-content\/uploads\/2023\/01\/cropped-silja_250x100.png"},"sameAs":["http:\/\/www.siljakeranen.fi","https:\/\/www.facebook.com\/siljamkeranen","https:\/\/www.instagram.com\/siljakeranen\/","https:\/\/www.linkedin.com\/in\/silja-kernen-4331b548\/","https:\/\/x.com\/https:\/\/twitter.com\/SiljaMP","https:\/\/www.youtube.com\/channel\/UC0MWeuoWP4-Mjs1z8pIv3GQ","https:\/\/fi.wikipedia.org\/wiki\/Silja_Kernen"]}]}},"_links":{"self":[{"href":"https:\/\/siljakeranen.fi\/blogi\/wp-json\/wp\/v2\/pages\/2808","targetHints":{"allow":["GET"]}}],"collection":[{"href":"https:\/\/siljakeranen.fi\/blogi\/wp-json\/wp\/v2\/pages"}],"about":[{"href":"https:\/\/siljakeranen.fi\/blogi\/wp-json\/wp\/v2\/types\/page"}],"author":[{"embeddable":true,"href":"https:\/\/siljakeranen.fi\/blogi\/wp-json\/wp\/v2\/users\/1"}],"replies":[{"embeddable":true,"href":"https:\/\/siljakeranen.fi\/blogi\/wp-json\/wp\/v2\/comments?post=2808"}],"version-history":[{"count":5,"href":"https:\/\/siljakeranen.fi\/blogi\/wp-json\/wp\/v2\/pages\/2808\/revisions"}],"predecessor-version":[{"id":3157,"href":"https:\/\/siljakeranen.fi\/blogi\/wp-json\/wp\/v2\/pages\/2808\/revisions\/3157"}],"wp:featuredmedia":[{"embeddable":true,"href":"https:\/\/siljakeranen.fi\/blogi\/wp-json\/wp\/v2\/media\/2188"}],"wp:attachment":[{"href":"https:\/\/siljakeranen.fi\/blogi\/wp-json\/wp\/v2\/media?parent=2808"}],"curies":[{"name":"wp","href":"https:\/\/api.w.org\/{rel}","templated":true}]}}