{"id":3158,"date":"2026-01-09T14:23:52","date_gmt":"2026-01-09T12:23:52","guid":{"rendered":"https:\/\/siljakeranen.fi\/blogi\/?page_id=3158"},"modified":"2026-01-09T14:34:48","modified_gmt":"2026-01-09T12:34:48","slug":"kirjat","status":"publish","type":"page","link":"https:\/\/siljakeranen.fi\/blogi\/kirjat\/","title":{"rendered":"Kirjat"},"content":{"rendered":"<p>Olen parhaillaan kirjoittamassa toista kirjaa, tietokirjaa metsist\u00e4. Siit\u00e4, miten metsien k\u00e4yt\u00f6n ja hoidon saisi ekologisesti kest\u00e4v\u00e4ksi. Kuitenkin niin, ett\u00e4 metsien taloudellinen merkitys v\u00e4hint\u00e4\u00e4nkin s\u00e4ilyy &#8211; ja toivottavasti ennemmin kasvaa. Kirja ilmestyy 2026 syksyll\u00e4 ja kustantajana on ArtHouse.&nbsp;<\/p>\n<p>T\u00e4m\u00e4 aihe inspiroi eritt\u00e4in suuresti, koska mets\u00e4 tulee l\u00e4helle niin monesta n\u00e4k\u00f6kulmasta. Omistan itse mets\u00e4\u00e4. Toimin mets\u00e4nhoitoyhdistyksen valtuutettuna ja is\u00e4ni oli mets\u00e4nhoitaja. Vihre\u00e4n\u00e4 politiikkona tied\u00e4n ja koen, ett\u00e4 nykyinen metsien k\u00e4yt\u00f6n tapa ei ole kest\u00e4v\u00e4. Luonto k\u00f6yhtyy, vesist\u00f6t k\u00e4rsiv\u00e4t ja ilmastop\u00e4\u00e4st\u00f6j\u00e4kin pit\u00e4isi saada sidottua. Mutta metsien k\u00e4ytt\u00f6 voi olla kest\u00e4v\u00e4\u00e4. Meid\u00e4n on mahdollista yhteensovittaa sek\u00e4 taloudellinen n\u00e4k\u00f6kulma ett\u00e4 ekologinen kest\u00e4vyys.<\/p>\n<p>Siksi t\u00e4m\u00e4 kirja.&nbsp; &nbsp;&nbsp;<\/p>\n<p>&#8212;<\/p>\n<p>Syksyll\u00e4 2021 minulta ilmestyi aluepolitiikka k\u00e4sittelev\u00e4 tietokirja, Miss\u00e4 syrj\u00e4 sijaitsee? -Kun kaupunki ei ole kaikki. Siin\u00e4 k\u00e4yn eri ihmisten tarinoiden kautta vahvasti faktoihin, tutkimuksiin ja haastatteluihin nojaten l\u00e4pi sit\u00e4, miten aluepolitiikkaa kannattaisi nykyp\u00e4iv\u00e4n\u00e4 tehd\u00e4 ja millaisia n\u00e4kymi\u00e4 meill\u00e4 isojen kaupunkien ulkopuolisessa Suomessa oikein on.&nbsp;<\/p>\n<p>Esittelyteksti kuvaa teosta seuraavasti:<\/p>\n<p style=\"padding-left: 40px;\"><em>Maaseutu vai kaupunki? Suurkaupunki vai pikkukaupunki? T\u00e4\u00e4ll\u00e4 vai siell\u00e4 vai sek\u00e4 t\u00e4\u00e4ll\u00e4 ett\u00e4 siell\u00e4? Viimeist\u00e4\u00e4n koronavuosi on saanut monet miettim\u00e4\u00e4n my\u00f6s asuinpaikkaansa. Per\u00e4kyl\u00e4t ovat tehneet paluun ja trendsetterit hakeutuvat maaseudun rauhaan.<\/em><\/p>\n<p style=\"padding-left: 40px;\"><em>Millaista on el\u00e4m\u00e4 kasvukeskusten ulkopuolella? Mik\u00e4 saa ihmisen vaihtamaan suurkaupungin pienemp\u00e4\u00e4n paikkakuntaan? Ent\u00e4 mit\u00e4 aluepolitiikka, tuo karvalakkil\u00e4hetyst\u00f6jen jykev\u00e4 turvasana, t\u00e4n\u00e4 p\u00e4iv\u00e4n\u00e4 oikeastaan tarkoittaa, ja miksi sill\u00e4 on merkityst\u00e4 ihan jokaiselle, kuljetpa raitiovaunulla tai potkukelkalla?<\/em><\/p>\n<p style=\"padding-left: 40px;\"><em>Silja Ker\u00e4sen teos on omakohtainen matka alueiden Suomeen ja el\u00e4misen my\u00f6t\u00e4- ja vastam\u00e4kiin siell\u00e4, mit\u00e4 tavataan kutsua maaseuduksi; kyliin, kuntiin ja pikkukaupunkeihin.<\/em><br \/>\n<em>Teos etsii ja l\u00f6yt\u00e4\u00e4 vastauksia siihen, millainen on el\u00e4v\u00e4 Suomi t\u00e4n\u00e4\u00e4n ja tulevaisuudessa.<\/em><\/p>\n<p style=\"padding-left: 40px;\"><em>Silja Ker\u00e4nen on Helsingin ja Singaporen kautta takaisin kotiseudulle Kajaaniin palannut diplomi-insin\u00f6\u00f6ri. Vihre\u00e4n\u00e4 poliitikkona Kainuussa toimiessaan h\u00e4n on saanut perehty\u00e4 siihen, mist\u00e4 alueiden elinvoima syntyy.<br \/>\n<\/em><\/p>\n<p>Minulla on n\u00e4it\u00e4 myynniss\u00e4 20 euron hintaan. (+ 5 e mahdollisia postikuluja) Jos haluat tilata kappaleen itselle, laita viesti\u00e4: silja.keranen [ \u00e4 ] iki.fi<\/p>\n<p>&nbsp; &nbsp;<\/p>\n<div style=\"padding-bottom:20px; padding-top:10px;\" class=\"hupso-share-buttons\"><!-- Hupso Share Buttons - https:\/\/www.hupso.com\/share\/ --><a class=\"hupso_counters\" href=\"https:\/\/www.hupso.com\/share\/\"><img decoding=\"async\" src=\"https:\/\/static.hupso.com\/share\/buttons\/share-small.png\" style=\"border:0px; padding-top:2px; float:left;\" alt=\"Share Button\"\/><\/a><script type=\"text\/javascript\">var hupso_services_c=new Array(\"twitter\",\"facebook_like\",\"facebook_send\",\"google\");var hupso_counters_lang = \"en_US\";var hupso_image_folder_url = \"\";var hupso_url_c=\"\";var hupso_title_c=\"Kirjat\";<\/script><script type=\"text\/javascript\" src=\"https:\/\/static.hupso.com\/share\/js\/counters.js\"><\/script><!-- Hupso Share Buttons --><\/div>","protected":false},"excerpt":{"rendered":"<p>Olen parhaillaan kirjoittamassa toista kirjaa, tietokirjaa metsist\u00e4. Siit\u00e4, miten metsien k\u00e4yt\u00f6n ja hoidon saisi ekologisesti kest\u00e4v\u00e4ksi. Kuitenkin niin, ett\u00e4 metsien taloudellinen merkitys v\u00e4hint\u00e4\u00e4nkin s\u00e4ilyy &#8211; ja toivottavasti ennemmin kasvaa. Kirja ilmestyy 2026 syksyll\u00e4 ja kustantajana on ArtHouse.&nbsp; T\u00e4m\u00e4 aihe inspiroi eritt\u00e4in suuresti, koska mets\u00e4 tulee l\u00e4helle niin monesta n\u00e4k\u00f6kulmasta. Omistan itse mets\u00e4\u00e4. Toimin mets\u00e4nhoitoyhdistyksen valtuutettuna [&hellip;]<\/p>\n<div style=\"padding-bottom:20px; padding-top:10px;\" class=\"hupso-share-buttons\"><!-- Hupso Share Buttons - https:\/\/www.hupso.com\/share\/ --><a class=\"hupso_counters\" href=\"https:\/\/www.hupso.com\/share\/\"><img src=\"https:\/\/static.hupso.com\/share\/buttons\/share-small.png\" style=\"border:0px; padding-top:2px; float:left;\" alt=\"Share Button\"\/><\/a><script type=\"text\/javascript\">var hupso_services_c=new Array(\"twitter\",\"facebook_like\",\"facebook_send\",\"google\");var hupso_counters_lang = \"en_US\";var hupso_image_folder_url = \"\";var hupso_url_c=\"\";var hupso_title_c=\"Kirjat\";<\/script><script type=\"text\/javascript\" src=\"https:\/\/static.hupso.com\/share\/js\/counters.js\"><\/script><!-- Hupso Share Buttons --><\/div>","protected":false},"author":1,"featured_media":2188,"parent":0,"menu_order":0,"comment_status":"closed","ping_status":"closed","template":"","meta":{"ngg_post_thumbnail":0,"footnotes":""},"class_list":["post-3158","page","type-page","status-publish","has-post-thumbnail"],"yoast_head":"<!-- This site is optimized with the Yoast SEO plugin v26.8 - https:\/\/yoast.com\/product\/yoast-seo-wordpress\/ -->\n<title>Kirjat - Silja Ker\u00e4nen<\/title>\n<meta name=\"robots\" content=\"index, follow, max-snippet:-1, max-image-preview:large, max-video-preview:-1\" \/>\n<link rel=\"canonical\" href=\"https:\/\/siljakeranen.fi\/blogi\/kirjat\/\" \/>\n<meta property=\"og:locale\" content=\"fi_FI\" \/>\n<meta property=\"og:type\" content=\"article\" \/>\n<meta property=\"og:title\" content=\"Kirjat - Silja Ker\u00e4nen\" \/>\n<meta property=\"og:description\" content=\"Olen parhaillaan kirjoittamassa toista kirjaa, tietokirjaa metsist\u00e4. Siit\u00e4, miten metsien k\u00e4yt\u00f6n ja hoidon saisi ekologisesti kest\u00e4v\u00e4ksi. Kuitenkin niin, ett\u00e4 metsien taloudellinen merkitys v\u00e4hint\u00e4\u00e4nkin s\u00e4ilyy &#8211; ja toivottavasti ennemmin kasvaa. Kirja ilmestyy 2026 syksyll\u00e4 ja kustantajana on ArtHouse.&nbsp; T\u00e4m\u00e4 aihe inspiroi eritt\u00e4in suuresti, koska mets\u00e4 tulee l\u00e4helle niin monesta n\u00e4k\u00f6kulmasta. Omistan itse mets\u00e4\u00e4. Toimin mets\u00e4nhoitoyhdistyksen valtuutettuna [&hellip;]\" \/>\n<meta property=\"og:url\" content=\"https:\/\/siljakeranen.fi\/blogi\/kirjat\/\" \/>\n<meta property=\"og:site_name\" content=\"Silja Ker\u00e4nen\" \/>\n<meta property=\"article:publisher\" content=\"https:\/\/www.facebook.com\/siljamkeranen\" \/>\n<meta property=\"article:modified_time\" content=\"2026-01-09T12:34:48+00:00\" \/>\n<meta property=\"og:image\" content=\"https:\/\/siljakeranen.fi\/blogi\/wp-content\/uploads\/2021\/11\/Facebook-kansi3.jpeg\" \/>\n\t<meta property=\"og:image:width\" content=\"1635\" \/>\n\t<meta property=\"og:image:height\" content=\"857\" \/>\n\t<meta property=\"og:image:type\" content=\"image\/jpeg\" \/>\n<meta name=\"twitter:card\" content=\"summary_large_image\" \/>\n<meta name=\"twitter:site\" content=\"@SiljaMP\" \/>\n<meta name=\"twitter:label1\" content=\"Arvioitu lukuaika\" \/>\n\t<meta name=\"twitter:data1\" content=\"3 minuuttia\" \/>\n<script type=\"application\/ld+json\" class=\"yoast-schema-graph\">{\"@context\":\"https:\/\/schema.org\",\"@graph\":[{\"@type\":\"WebPage\",\"@id\":\"https:\/\/siljakeranen.fi\/blogi\/kirjat\/\",\"url\":\"https:\/\/siljakeranen.fi\/blogi\/kirjat\/\",\"name\":\"Kirjat - Silja Ker\u00e4nen\",\"isPartOf\":{\"@id\":\"https:\/\/siljakeranen.fi\/blogi\/#website\"},\"primaryImageOfPage\":{\"@id\":\"https:\/\/siljakeranen.fi\/blogi\/kirjat\/#primaryimage\"},\"image\":{\"@id\":\"https:\/\/siljakeranen.fi\/blogi\/kirjat\/#primaryimage\"},\"thumbnailUrl\":\"https:\/\/siljakeranen.fi\/blogi\/wp-content\/uploads\/2021\/11\/Facebook-kansi3.jpeg\",\"datePublished\":\"2026-01-09T12:23:52+00:00\",\"dateModified\":\"2026-01-09T12:34:48+00:00\",\"breadcrumb\":{\"@id\":\"https:\/\/siljakeranen.fi\/blogi\/kirjat\/#breadcrumb\"},\"inLanguage\":\"fi\",\"potentialAction\":[{\"@type\":\"ReadAction\",\"target\":[\"https:\/\/siljakeranen.fi\/blogi\/kirjat\/\"]}]},{\"@type\":\"ImageObject\",\"inLanguage\":\"fi\",\"@id\":\"https:\/\/siljakeranen.fi\/blogi\/kirjat\/#primaryimage\",\"url\":\"https:\/\/siljakeranen.fi\/blogi\/wp-content\/uploads\/2021\/11\/Facebook-kansi3.jpeg\",\"contentUrl\":\"https:\/\/siljakeranen.fi\/blogi\/wp-content\/uploads\/2021\/11\/Facebook-kansi3.jpeg\",\"width\":1635,\"height\":857},{\"@type\":\"BreadcrumbList\",\"@id\":\"https:\/\/siljakeranen.fi\/blogi\/kirjat\/#breadcrumb\",\"itemListElement\":[{\"@type\":\"ListItem\",\"position\":1,\"name\":\"Etusivu\",\"item\":\"https:\/\/siljakeranen.fi\/blogi\/\"},{\"@type\":\"ListItem\",\"position\":2,\"name\":\"Kirjat\"}]},{\"@type\":\"WebSite\",\"@id\":\"https:\/\/siljakeranen.fi\/blogi\/#website\",\"url\":\"https:\/\/siljakeranen.fi\/blogi\/\",\"name\":\"Silja Ker\u00e4nen\",\"description\":\"Silja Ker\u00e4nen, kainuulainen vihre\u00e4 poliitikko\",\"publisher\":{\"@id\":\"https:\/\/siljakeranen.fi\/blogi\/#\/schema\/person\/d43605ef0d5681c1b27a4ba1fede1cf4\"},\"potentialAction\":[{\"@type\":\"SearchAction\",\"target\":{\"@type\":\"EntryPoint\",\"urlTemplate\":\"https:\/\/siljakeranen.fi\/blogi\/?s={search_term_string}\"},\"query-input\":{\"@type\":\"PropertyValueSpecification\",\"valueRequired\":true,\"valueName\":\"search_term_string\"}}],\"inLanguage\":\"fi\"},{\"@type\":[\"Person\",\"Organization\"],\"@id\":\"https:\/\/siljakeranen.fi\/blogi\/#\/schema\/person\/d43605ef0d5681c1b27a4ba1fede1cf4\",\"name\":\"Silja\",\"image\":{\"@type\":\"ImageObject\",\"inLanguage\":\"fi\",\"@id\":\"https:\/\/siljakeranen.fi\/blogi\/#\/schema\/person\/image\/\",\"url\":\"https:\/\/siljakeranen.fi\/blogi\/wp-content\/uploads\/2023\/01\/cropped-silja_250x100.png\",\"contentUrl\":\"https:\/\/siljakeranen.fi\/blogi\/wp-content\/uploads\/2023\/01\/cropped-silja_250x100.png\",\"width\":250,\"height\":100,\"caption\":\"Silja\"},\"logo\":{\"@id\":\"https:\/\/siljakeranen.fi\/blogi\/#\/schema\/person\/image\/\"},\"sameAs\":[\"http:\/\/www.siljakeranen.fi\",\"https:\/\/www.facebook.com\/siljamkeranen\",\"https:\/\/www.instagram.com\/siljakeranen\/\",\"https:\/\/www.linkedin.com\/in\/silja-kernen-4331b548\/\",\"https:\/\/x.com\/https:\/\/twitter.com\/SiljaMP\",\"https:\/\/www.youtube.com\/channel\/UC0MWeuoWP4-Mjs1z8pIv3GQ\",\"https:\/\/fi.wikipedia.org\/wiki\/Silja_Kernen\"]}]}<\/script>\n<!-- \/ Yoast SEO plugin. -->","yoast_head_json":{"title":"Kirjat - Silja Ker\u00e4nen","robots":{"index":"index","follow":"follow","max-snippet":"max-snippet:-1","max-image-preview":"max-image-preview:large","max-video-preview":"max-video-preview:-1"},"canonical":"https:\/\/siljakeranen.fi\/blogi\/kirjat\/","og_locale":"fi_FI","og_type":"article","og_title":"Kirjat - Silja Ker\u00e4nen","og_description":"Olen parhaillaan kirjoittamassa toista kirjaa, tietokirjaa metsist\u00e4. Siit\u00e4, miten metsien k\u00e4yt\u00f6n ja hoidon saisi ekologisesti kest\u00e4v\u00e4ksi. Kuitenkin niin, ett\u00e4 metsien taloudellinen merkitys v\u00e4hint\u00e4\u00e4nkin s\u00e4ilyy &#8211; ja toivottavasti ennemmin kasvaa. Kirja ilmestyy 2026 syksyll\u00e4 ja kustantajana on ArtHouse.&nbsp; T\u00e4m\u00e4 aihe inspiroi eritt\u00e4in suuresti, koska mets\u00e4 tulee l\u00e4helle niin monesta n\u00e4k\u00f6kulmasta. Omistan itse mets\u00e4\u00e4. Toimin mets\u00e4nhoitoyhdistyksen valtuutettuna [&hellip;]","og_url":"https:\/\/siljakeranen.fi\/blogi\/kirjat\/","og_site_name":"Silja Ker\u00e4nen","article_publisher":"https:\/\/www.facebook.com\/siljamkeranen","article_modified_time":"2026-01-09T12:34:48+00:00","og_image":[{"width":1635,"height":857,"url":"https:\/\/siljakeranen.fi\/blogi\/wp-content\/uploads\/2021\/11\/Facebook-kansi3.jpeg","type":"image\/jpeg"}],"twitter_card":"summary_large_image","twitter_site":"@SiljaMP","twitter_misc":{"Arvioitu lukuaika":"3 minuuttia"},"schema":{"@context":"https:\/\/schema.org","@graph":[{"@type":"WebPage","@id":"https:\/\/siljakeranen.fi\/blogi\/kirjat\/","url":"https:\/\/siljakeranen.fi\/blogi\/kirjat\/","name":"Kirjat - Silja Ker\u00e4nen","isPartOf":{"@id":"https:\/\/siljakeranen.fi\/blogi\/#website"},"primaryImageOfPage":{"@id":"https:\/\/siljakeranen.fi\/blogi\/kirjat\/#primaryimage"},"image":{"@id":"https:\/\/siljakeranen.fi\/blogi\/kirjat\/#primaryimage"},"thumbnailUrl":"https:\/\/siljakeranen.fi\/blogi\/wp-content\/uploads\/2021\/11\/Facebook-kansi3.jpeg","datePublished":"2026-01-09T12:23:52+00:00","dateModified":"2026-01-09T12:34:48+00:00","breadcrumb":{"@id":"https:\/\/siljakeranen.fi\/blogi\/kirjat\/#breadcrumb"},"inLanguage":"fi","potentialAction":[{"@type":"ReadAction","target":["https:\/\/siljakeranen.fi\/blogi\/kirjat\/"]}]},{"@type":"ImageObject","inLanguage":"fi","@id":"https:\/\/siljakeranen.fi\/blogi\/kirjat\/#primaryimage","url":"https:\/\/siljakeranen.fi\/blogi\/wp-content\/uploads\/2021\/11\/Facebook-kansi3.jpeg","contentUrl":"https:\/\/siljakeranen.fi\/blogi\/wp-content\/uploads\/2021\/11\/Facebook-kansi3.jpeg","width":1635,"height":857},{"@type":"BreadcrumbList","@id":"https:\/\/siljakeranen.fi\/blogi\/kirjat\/#breadcrumb","itemListElement":[{"@type":"ListItem","position":1,"name":"Etusivu","item":"https:\/\/siljakeranen.fi\/blogi\/"},{"@type":"ListItem","position":2,"name":"Kirjat"}]},{"@type":"WebSite","@id":"https:\/\/siljakeranen.fi\/blogi\/#website","url":"https:\/\/siljakeranen.fi\/blogi\/","name":"Silja Ker\u00e4nen","description":"Silja Ker\u00e4nen, kainuulainen vihre\u00e4 poliitikko","publisher":{"@id":"https:\/\/siljakeranen.fi\/blogi\/#\/schema\/person\/d43605ef0d5681c1b27a4ba1fede1cf4"},"potentialAction":[{"@type":"SearchAction","target":{"@type":"EntryPoint","urlTemplate":"https:\/\/siljakeranen.fi\/blogi\/?s={search_term_string}"},"query-input":{"@type":"PropertyValueSpecification","valueRequired":true,"valueName":"search_term_string"}}],"inLanguage":"fi"},{"@type":["Person","Organization"],"@id":"https:\/\/siljakeranen.fi\/blogi\/#\/schema\/person\/d43605ef0d5681c1b27a4ba1fede1cf4","name":"Silja","image":{"@type":"ImageObject","inLanguage":"fi","@id":"https:\/\/siljakeranen.fi\/blogi\/#\/schema\/person\/image\/","url":"https:\/\/siljakeranen.fi\/blogi\/wp-content\/uploads\/2023\/01\/cropped-silja_250x100.png","contentUrl":"https:\/\/siljakeranen.fi\/blogi\/wp-content\/uploads\/2023\/01\/cropped-silja_250x100.png","width":250,"height":100,"caption":"Silja"},"logo":{"@id":"https:\/\/siljakeranen.fi\/blogi\/#\/schema\/person\/image\/"},"sameAs":["http:\/\/www.siljakeranen.fi","https:\/\/www.facebook.com\/siljamkeranen","https:\/\/www.instagram.com\/siljakeranen\/","https:\/\/www.linkedin.com\/in\/silja-kernen-4331b548\/","https:\/\/x.com\/https:\/\/twitter.com\/SiljaMP","https:\/\/www.youtube.com\/channel\/UC0MWeuoWP4-Mjs1z8pIv3GQ","https:\/\/fi.wikipedia.org\/wiki\/Silja_Kernen"]}]}},"_links":{"self":[{"href":"https:\/\/siljakeranen.fi\/blogi\/wp-json\/wp\/v2\/pages\/3158","targetHints":{"allow":["GET"]}}],"collection":[{"href":"https:\/\/siljakeranen.fi\/blogi\/wp-json\/wp\/v2\/pages"}],"about":[{"href":"https:\/\/siljakeranen.fi\/blogi\/wp-json\/wp\/v2\/types\/page"}],"author":[{"embeddable":true,"href":"https:\/\/siljakeranen.fi\/blogi\/wp-json\/wp\/v2\/users\/1"}],"replies":[{"embeddable":true,"href":"https:\/\/siljakeranen.fi\/blogi\/wp-json\/wp\/v2\/comments?post=3158"}],"version-history":[{"count":2,"href":"https:\/\/siljakeranen.fi\/blogi\/wp-json\/wp\/v2\/pages\/3158\/revisions"}],"predecessor-version":[{"id":3168,"href":"https:\/\/siljakeranen.fi\/blogi\/wp-json\/wp\/v2\/pages\/3158\/revisions\/3168"}],"wp:featuredmedia":[{"embeddable":true,"href":"https:\/\/siljakeranen.fi\/blogi\/wp-json\/wp\/v2\/media\/2188"}],"wp:attachment":[{"href":"https:\/\/siljakeranen.fi\/blogi\/wp-json\/wp\/v2\/media?parent=3158"}],"curies":[{"name":"wp","href":"https:\/\/api.w.org\/{rel}","templated":true}]}}