{"id":7,"date":"2012-08-27T03:56:09","date_gmt":"2012-08-27T02:56:09","guid":{"rendered":"http:\/\/kernen.fi\/silja\/blogi\/?page_id=4"},"modified":"2025-11-14T13:55:37","modified_gmt":"2025-11-14T11:55:37","slug":"henkilo","status":"publish","type":"page","link":"https:\/\/siljakeranen.fi\/blogi\/henkilo\/","title":{"rendered":"Kuka olen"},"content":{"rendered":"<div>\n<div class=\"m_2853349165800134694x_gmail_quote\">\n<div lang=\"FI\">\n<blockquote>\n<div class=\"m_2853349165800134694x_m_-1314997668418084894WordSection1\">Olen kainuulainen vihre\u00e4 poliitikko, nelikymppinen kajaanilainen diplomi-insin\u00f6\u00f6ri, kolmen lapsen \u00e4iti, Kainuun maakuntahallituksen j\u00e4sen ja valtuutettu niin Kajaanin kaupungilla kuin Kainuun hyvinvointialueellakin.&nbsp;<\/div>\n<\/blockquote>\n<div class=\"m_2853349165800134694x_m_-1314997668418084894WordSection1\">\n<p><span style=\"font-weight: 400;\"><br \/>\nOlen kotoisin Kajaanista, jonne palaisin takaisin kes\u00e4ll\u00e4 2012 asuttuani opiskelujen ja t\u00f6iden vuoksi Oulussa, Kuopiossa, Singaporessa ja Helsingiss\u00e4. Opiskelin diplomi-insin\u00f6\u00f6riksi Oulun yliopistossa, mutta osa meid\u00e4n ymp\u00e4rist\u00f6nsuojelutekniikan opinnoista oli Kuopion yliopistossa. Diplomity\u00f6n tein Raahen ja Koverharin ter\u00e4stehtaiden kuonien liukoisuusominaisuuksista. Se valmistui vuoden 2006 lopussa ja opintoviikkojakin oli tarpeeksi. Olisin voinut valmistua.<\/span><\/p>\n<div id=\"attachment_2407\" style=\"width: 235px\" class=\"wp-caption alignright\"><img loading=\"lazy\" decoding=\"async\" aria-describedby=\"caption-attachment-2407\" class=\"wp-image-2407 size-medium\" src=\"https:\/\/siljakeranen.fi\/blogi\/wp-content\/uploads\/2022\/10\/IMG_8107-225x300.jpg\" alt=\"\" width=\"225\" height=\"300\" srcset=\"https:\/\/siljakeranen.fi\/blogi\/wp-content\/uploads\/2022\/10\/IMG_8107-225x300.jpg 225w, https:\/\/siljakeranen.fi\/blogi\/wp-content\/uploads\/2022\/10\/IMG_8107-768x1024.jpg 768w, https:\/\/siljakeranen.fi\/blogi\/wp-content\/uploads\/2022\/10\/IMG_8107-1152x1536.jpg 1152w, https:\/\/siljakeranen.fi\/blogi\/wp-content\/uploads\/2022\/10\/IMG_8107.jpg 1200w\" sizes=\"auto, (max-width: 225px) 100vw, 225px\" \/><p id=\"caption-attachment-2407\" class=\"wp-caption-text\">Singaporessa wappua viett\u00e4m\u00e4ss\u00e4<\/p><\/div>\n<\/div>\n<div class=\"m_2853349165800134694x_m_-1314997668418084894WordSection1\">\n<p><span style=\"font-weight: 400;\">Mutta l\u00e4hdinkin vaihtoon: Kaakkoisaasialaiseen kaupunkivaltioon, Singaporeen, p\u00e4iv\u00e4ntasaajalle. Singapore oli aika erilainen asuinpaikka kuin Kajaani, Oulu tai Kuopio. Asukastiheys on noin 6000 asukasta neli\u00f6kilometrill\u00e4, kun Suomessa se on kuudentoista tienoilla ja Kainuussa vajaa nelj\u00e4. Vaihtoon l\u00e4hteminen ei minulla ollut mitenk\u00e4\u00e4n itsest\u00e4\u00e4nselvyys, kun opintojen vuoksi piti jo muutenkin asua osa lukuvuosista Oulussa ja osa Kuopiossa. Mutta onneksi l\u00e4hdin \u2013 vaihtokokemus oli monin tavoin eritt\u00e4in hyv\u00e4 ja opettavainen.<\/span><\/p>\n<\/div>\n<div class=\"m_2853349165800134694x_m_-1314997668418084894WordSection1\">\n<p><span style=\"font-weight: 400;\">Vaihdon j\u00e4lkeen ty\u00f6skentelin hetken Oulun yliopistolla assistenttina. Valmistuttuani diplomi-insin\u00f6\u00f6riksi joulukuussa 2007 muutin t\u00f6ihin Helsinkiin. Ensin olin t\u00f6iss\u00e4 koulutusyritys AEL:ssa vastaten vesihuoltoalan koulutustarjonnasta. Sen j\u00e4lkeen siirryin Euroopan kemikaalivirastoon, jossa p\u00e4\u00e4sin ty\u00f6skentelem\u00e4\u00e4n sen eteen, ett\u00e4 ensimm\u00e4inen kemikaalien rekister\u00f6intim\u00e4\u00e4r\u00e4aika sujuisi hyvin. K\u00e4yt\u00e4nn\u00f6ss\u00e4 se tarkoitti prosessien hiomista sek\u00e4 tietoj\u00e4rjestelmien kehitt\u00e4mist\u00e4.<\/span><\/p>\n<\/div>\n<div class=\"m_2853349165800134694x_m_-1314997668418084894WordSection1\">\n<p><span style=\"font-weight: 400;\">Helsingiss\u00e4 asuessani, kev\u00e4\u00e4n 2011 eduskuntavaalien Perussuomalaisten jytkyn seurauksena liityin vihreiden j\u00e4seneksi. Tuolloin toimin aktiivisesti Suomen Partiolaisissa, ollen j\u00e4rjest\u00f6n hallitusken j\u00e4sen. Poliittinen aktiivisuus koostui muutamasta Etel\u00e4-Helsingin Vihreiden j\u00e4rjest\u00e4m\u00e4st\u00e4 tutustumisk\u00e4ynnist\u00e4 sek\u00e4 Pekka Haaviston presidentinvaalikampanjaan osallistumisesta.<\/span><\/p>\n<h3><span style=\"font-weight: 400;\">Takaisin kotiseudulle<\/span><\/h3>\n<p><span style=\"font-weight: 400;\">Muutto kotiseudulle takaisin alkoi kuitenkin kutkutella mieliss\u00e4 ja realisoitui lopulta kes\u00e4ll\u00e4 2012. Kotipaikan lis\u00e4ksi minulla muuttui my\u00f6s sukunimi, kun olimme Villen kanssa ymm\u00e4rt\u00e4neet parisuhderintamalla parhaamme ja menimme naimisiin.<\/span><\/p>\n<p><span style=\"font-weight: 400;\">Syksyll\u00e4 l\u00e4hdin ehdokkaaksi kuntavaaleissa ja p\u00e4\u00e4sin l\u00e4pi 151 \u00e4\u00e4nell\u00e4 Kajaanin kaupunginvaltuustoon. Samalla minut valittiin my\u00f6s Kajaanin kaupunginhallitukseen ja Kainuun maakuntavaltuuston, ja n\u00e4iss\u00e4 teht\u00e4viss\u00e4 toimin edelleenkin. Vuoden 2017 kuntavaaleissa koitti aikamoinen yll\u00e4tys, kun vihre\u00e4t sai vaalivoiton valtakunnallisesti ja kun Kajaanissa meid\u00e4n paikkam\u00e4\u00e4r\u00e4 nousi kahdesta viiteen ja oma henkil\u00f6kohtainen \u00e4\u00e4nim\u00e4\u00e4r\u00e4ni oli suurin koko Kainuussa.<\/span><\/p>\n<div id=\"attachment_1279\" style=\"width: 235px\" class=\"wp-caption alignleft\"><a href=\"http:\/\/siljakeranen.fi\/blogi\/wp-content\/uploads\/2018\/11\/IMG_3376.jpg\"><img loading=\"lazy\" decoding=\"async\" aria-describedby=\"caption-attachment-1279\" class=\"wp-image-1279 size-medium\" src=\"http:\/\/siljakeranen.fi\/blogi\/wp-content\/uploads\/2018\/11\/IMG_3376-225x300.jpg\" alt=\"\" width=\"225\" height=\"300\" srcset=\"https:\/\/siljakeranen.fi\/blogi\/wp-content\/uploads\/2018\/11\/IMG_3376-225x300.jpg 225w, https:\/\/siljakeranen.fi\/blogi\/wp-content\/uploads\/2018\/11\/IMG_3376-768x1024.jpg 768w, https:\/\/siljakeranen.fi\/blogi\/wp-content\/uploads\/2018\/11\/IMG_3376.jpg 960w\" sizes=\"auto, (max-width: 225px) 100vw, 225px\" \/><\/a><p id=\"caption-attachment-1279\" class=\"wp-caption-text\">Perheen toisen diplomi-insin\u00f6\u00f6rin eli mieheni kanssa keskimm\u00e4isen potkuja masusta tunnustellen.<\/p><\/div>\n<p><span style=\"font-weight: 400;\">T\u00e4ll\u00e4 hetkell\u00e4 toimin edell\u00e4mainittujen teht\u00e4vien lis\u00e4ksi my\u00f6s Kainuun hyvinvointialueen valtuustossa ja maakunnan liitossa tarkastuslautakunnan puheenjohtajana.<\/span><\/p>\n<p><span style=\"font-weight: 400;\">Onneksi el\u00e4m\u00e4\u00e4n mahtuu muutakin. Meid\u00e4n ihana esikoinen, nyt jo reipas koululainen, syntyi vuoden 2014 syksyll\u00e4. Toinen rakas lapsi tuli maailmaan loppukes\u00e4ll\u00e4 2017 ja meid\u00e4n pieni &#8221;vauva&#8221; on jo kohta nelj\u00e4. \u00c4itiydess\u00e4 on monta ihmeellist\u00e4 ja ihanaa asiaa \u2013 yksi on ymm\u00e4rrys siit\u00e4, kuinka rakkauden m\u00e4\u00e4r\u00e4 ei suinkaan pysy vakiona, vaan se kasvaa. Lasten vuoksi politiikan tekeminen tuntuu entist\u00e4 olennaisemmalta, koska heille hyv\u00e4n yhteiskunnan ja maailman rakentaminen on mit\u00e4 t\u00e4rkeint\u00e4. Samalla he osaavat maadoittaa juuri sopivasti vet\u00e4m\u00e4ll\u00e4 huomion arkip\u00e4iv\u00e4n konkreettisiin asioihin.<\/span><\/p>\n<\/div>\n<\/div>\n<p>&nbsp;<\/p>\n<div lang=\"FI\">\n<div class=\"m_2853349165800134694x_m_-1314997668418084894WordSection1\">\n<h3>Politiikassa<\/h3>\n<p><span style=\"font-weight: 400;\">Lasten, nuorten ja perheiden asioiden parantaminen on minulle politiikassa t\u00e4rke\u00e4\u00e4, kuten my\u00f6s ymp\u00e4rist\u00f6n, luonnon ja ilmaston eteen toimiminen. Jotta maapallo olisi elinkelpoinen my\u00f6s tulevaisuudessa. Puolueessa koen profiloituneeni etenkin aluepolitiikan sek\u00e4 maa- ja mets\u00e4talouspolitiikan asiantuntijana. Minulle on t\u00e4rke\u00e4\u00e4 se, ett\u00e4 eri puolilla Suomea on el\u00e4misen edellytykset kunnossa ja ett\u00e4 alueita kehitet\u00e4\u00e4n kest\u00e4v\u00e4sti.<\/span><\/p>\n<p><span style=\"font-weight: 400;\">Maa- ja mets\u00e4talouspolitiikassa minua kiehtoo etenkin ty\u00f6llisyys- ja talousvaikutusten yhdist\u00e4minen ekologiseen kest\u00e4vyyteen. Miten saamme tuotettua Suomessa ruokaa tulevaisuudessakin samalla, kun v\u00e4henn\u00e4mme maatalouden p\u00e4\u00e4st\u00f6j\u00e4. Miten saamme mets\u00e4nhoidon luonnon ja ilmaston kannalta kest\u00e4v\u00e4lle tolalle samalla kun huolehdimme mets\u00e4talouden koko arvoketjun ty\u00f6paikoista. Sama p\u00e4tee toki muuhunkin teollisuuteen \u2013 niin kaivoksiin kuin energiantuotantoonkin.<\/span><\/p>\n<p><span style=\"font-weight: 400;\"><a href=\"https:\/\/siljakeranen.fi\/blogi\/wp-content\/uploads\/2021\/04\/Missa\u0308_syrja\u0308_sijaitsee-.jpeg\"><img loading=\"lazy\" decoding=\"async\" class=\"size-medium wp-image-2088 alignright\" src=\"https:\/\/siljakeranen.fi\/blogi\/wp-content\/uploads\/2021\/04\/Missa\u0308_syrja\u0308_sijaitsee--193x300.jpeg\" alt=\"\" width=\"193\" height=\"300\" srcset=\"https:\/\/siljakeranen.fi\/blogi\/wp-content\/uploads\/2021\/04\/Missa\u0308_syrja\u0308_sijaitsee--193x300.jpeg 193w, https:\/\/siljakeranen.fi\/blogi\/wp-content\/uploads\/2021\/04\/Missa\u0308_syrja\u0308_sijaitsee--658x1024.jpeg 658w, https:\/\/siljakeranen.fi\/blogi\/wp-content\/uploads\/2021\/04\/Missa\u0308_syrja\u0308_sijaitsee--768x1194.jpeg 768w, https:\/\/siljakeranen.fi\/blogi\/wp-content\/uploads\/2021\/04\/Missa\u0308_syrja\u0308_sijaitsee--988x1536.jpeg 988w, https:\/\/siljakeranen.fi\/blogi\/wp-content\/uploads\/2021\/04\/Missa\u0308_syrja\u0308_sijaitsee--1317x2048.jpeg 1317w, https:\/\/siljakeranen.fi\/blogi\/wp-content\/uploads\/2021\/04\/Missa\u0308_syrja\u0308_sijaitsee-.jpeg 1594w\" sizes=\"auto, (max-width: 193px) 100vw, 193px\" \/><\/a>Vihreiss\u00e4 toimin vuodet 2019-2023 puoluevaltuuston puheenjohtajana, ja sit\u00e4 kautta osana puoluejohtoa. T\u00e4m\u00e4 oli n\u00e4k\u00f6alapaikka eduskunnan ja valtioneuvoston ty\u00f6h\u00f6n, sek\u00e4 asioiden edist\u00e4miseen valtakunnan tasolla. N\u00e4iden toimien innoittamana kirjoitin aluepolitiikkaan ja kest\u00e4v\u00e4\u00e4n aluekehitykseen liittyv\u00e4n kertomuksellisen tietokirjan \u2019Miss\u00e4 syrj\u00e4 sijaitsee? \u2013 Kun kaupunki ei ole kaikki\u2019. Se k\u00e4sittelee asumista eri puolilla Suomea, aluepolitiikan historiak\u00e4\u00e4nteit\u00e4, kest\u00e4v\u00e4n el\u00e4m\u00e4ntavan mahdollisuuksia sek\u00e4 tulevaisuuden kehityskulkuja.<\/span><\/p>\n<p><span style=\"font-weight: 400;\">P\u00e4iv\u00e4t\u00f6iss\u00e4 olen Kajaanin Ammattikorkeakoululla v\u00e4h\u00e4hiilisyyteen ja kiertotalouteen liittyviss\u00e4 kehityshankkeissa. Yksi hankkeista liittyy datakeskusten hukkal\u00e4mp\u00f6jen hy\u00f6dynt\u00e4miseen Kajaanin datakeskusekosysteemin kehittyess\u00e4 nopeaan tahtiin.<\/span><\/p>\n<p><span style=\"font-weight: 400;\">Vaikka arki on verrattain t\u00e4ytt\u00e4, pyrin j\u00e4rjest\u00e4m\u00e4\u00e4n aikaa yhdelle omalle liikuntaharrastukselle &#8211; tanssille. Perheen kanssa k\u00e4ymme yhdess\u00e4 uimassa ja retkeilem\u00e4ss\u00e4 sek\u00e4 harrastamme aktiivisesti partiota.<\/span><\/p>\n<p><span style=\"font-weight: 400;\">Vihreiss\u00e4 toimin puolueen varapuheenjohtana kaksi vuotta kes\u00e4st\u00e4 2023 kes\u00e4\u00e4n 2025. Aika haipakkaa aikaa, kun kahden vuoden sis\u00e4ll\u00e4 k\u00e4ytiin nelj\u00e4t vaalit, opeteltiin oppositiopuolueena olemista ja pyrittiin viel\u00e4 kehitt\u00e4m\u00e4\u00e4n omaa toimintaa. T\u00e4ll\u00e4 hetkell\u00e4 toimin varapuheenjohtajana Maaseutu- ja er\u00e4vihreiss\u00e4, jossa saa nostaa esiin maa- ja mets\u00e4talousteemoja sek\u00e4 maaseudun asioita. Kev\u00e4\u00e4n 2025 alue- ja kuntavaaleissa sain hurjan luottamuksen jatkaa n\u00e4iss\u00e4 paikallisissa teht\u00e4viss\u00e4 &#8211; kuntavaaleissa olin koko maakunnan \u00e4\u00e4niharava ja aluevaaleissa toisena henkil\u00f6kohtaisissa \u00e4\u00e4nim\u00e4\u00e4riss\u00e4 mitaten. Kiitos &#8211; intoa ja paloa toimia todellakin on!<\/span><\/p>\n<\/div>\n<\/div>\n<\/div>\n<\/div>\n<div style=\"padding-bottom:20px; padding-top:10px;\" class=\"hupso-share-buttons\"><!-- Hupso Share Buttons - https:\/\/www.hupso.com\/share\/ --><a class=\"hupso_counters\" href=\"https:\/\/www.hupso.com\/share\/\"><img decoding=\"async\" src=\"https:\/\/static.hupso.com\/share\/buttons\/share-small.png\" style=\"border:0px; padding-top:2px; float:left;\" alt=\"Share Button\"\/><\/a><script type=\"text\/javascript\">var hupso_services_c=new Array(\"twitter\",\"facebook_like\",\"facebook_send\",\"google\");var hupso_counters_lang = \"en_US\";var hupso_image_folder_url = \"\";var hupso_url_c=\"\";var hupso_title_c=\"Kuka%20olen\";<\/script><script type=\"text\/javascript\" src=\"https:\/\/static.hupso.com\/share\/js\/counters.js\"><\/script><!-- Hupso Share Buttons --><\/div>","protected":false},"excerpt":{"rendered":"<p>Kainuulainen vihre\u00e4 poliitikko. Vihreiden puoluevaltuuskunnan puheenjohtaja. Diplomi-insin\u00f6\u00f6ri. Maailmanparantaja.<\/p>\n<div style=\"padding-bottom:20px; padding-top:10px;\" class=\"hupso-share-buttons\"><!-- Hupso Share Buttons - https:\/\/www.hupso.com\/share\/ --><a class=\"hupso_counters\" href=\"https:\/\/www.hupso.com\/share\/\"><img src=\"https:\/\/static.hupso.com\/share\/buttons\/share-small.png\" style=\"border:0px; padding-top:2px; float:left;\" alt=\"Share Button\"\/><\/a><script type=\"text\/javascript\">var hupso_services_c=new Array(\"twitter\",\"facebook_like\",\"facebook_send\",\"google\");var hupso_counters_lang = \"en_US\";var hupso_image_folder_url = \"\";var hupso_url_c=\"\";var hupso_title_c=\"Kuka%20olen\";<\/script><script type=\"text\/javascript\" src=\"https:\/\/static.hupso.com\/share\/js\/counters.js\"><\/script><!-- Hupso Share Buttons --><\/div>","protected":false},"author":1,"featured_media":2406,"parent":0,"menu_order":0,"comment_status":"closed","ping_status":"closed","template":"","meta":{"ngg_post_thumbnail":0,"footnotes":""},"class_list":["post-7","page","type-page","status-publish","has-post-thumbnail"],"yoast_head":"<!-- This site is optimized with the Yoast SEO plugin v27.3 - https:\/\/yoast.com\/product\/yoast-seo-wordpress\/ -->\n<title>Kuka olen - Silja Ker\u00e4nen<\/title>\n<meta name=\"description\" content=\"Olen Silja Ker\u00e4nen, Vihreiden puoluevaltuuskunnan puheenjohtaja. Diplomi-insin\u00f6\u00f6ri. Kainuulainen vihre\u00e4 poliitikko.\" \/>\n<meta name=\"robots\" content=\"index, follow, max-snippet:-1, max-image-preview:large, max-video-preview:-1\" \/>\n<link rel=\"canonical\" href=\"https:\/\/siljakeranen.fi\/blogi\/henkilo\/\" \/>\n<meta property=\"og:locale\" content=\"fi_FI\" \/>\n<meta property=\"og:type\" content=\"article\" \/>\n<meta property=\"og:title\" content=\"Kuka olen - Silja Ker\u00e4nen\" \/>\n<meta property=\"og:description\" content=\"Olen Silja Ker\u00e4nen, Vihreiden puoluevaltuuskunnan puheenjohtaja. Diplomi-insin\u00f6\u00f6ri. Kainuulainen vihre\u00e4 poliitikko.\" \/>\n<meta property=\"og:url\" content=\"https:\/\/siljakeranen.fi\/blogi\/henkilo\/\" \/>\n<meta property=\"og:site_name\" content=\"Silja Ker\u00e4nen\" \/>\n<meta property=\"article:publisher\" content=\"https:\/\/www.facebook.com\/siljamkeranen\" \/>\n<meta property=\"article:modified_time\" content=\"2025-11-14T11:55:37+00:00\" \/>\n<meta property=\"og:image\" content=\"https:\/\/siljakeranen.fi\/blogi\/wp-content\/uploads\/2022\/10\/3L3A1804-e1665852640351.jpg\" \/>\n\t<meta property=\"og:image:width\" content=\"2048\" \/>\n\t<meta property=\"og:image:height\" content=\"1365\" \/>\n\t<meta property=\"og:image:type\" content=\"image\/jpeg\" \/>\n<meta name=\"twitter:card\" content=\"summary_large_image\" \/>\n<meta name=\"twitter:site\" content=\"@SiljaMP\" \/>\n<meta name=\"twitter:label1\" content=\"Arvioitu lukuaika\" \/>\n\t<meta name=\"twitter:data1\" content=\"5 minuuttia\" \/>\n<script type=\"application\/ld+json\" class=\"yoast-schema-graph\">{\"@context\":\"https:\\\/\\\/schema.org\",\"@graph\":[{\"@type\":\"WebPage\",\"@id\":\"https:\\\/\\\/siljakeranen.fi\\\/blogi\\\/henkilo\\\/\",\"url\":\"https:\\\/\\\/siljakeranen.fi\\\/blogi\\\/henkilo\\\/\",\"name\":\"Kuka olen - Silja Ker\u00e4nen\",\"isPartOf\":{\"@id\":\"https:\\\/\\\/siljakeranen.fi\\\/blogi\\\/#website\"},\"primaryImageOfPage\":{\"@id\":\"https:\\\/\\\/siljakeranen.fi\\\/blogi\\\/henkilo\\\/#primaryimage\"},\"image\":{\"@id\":\"https:\\\/\\\/siljakeranen.fi\\\/blogi\\\/henkilo\\\/#primaryimage\"},\"thumbnailUrl\":\"https:\\\/\\\/siljakeranen.fi\\\/blogi\\\/wp-content\\\/uploads\\\/2022\\\/10\\\/3L3A1804-e1665852640351.jpg\",\"datePublished\":\"2012-08-27T02:56:09+00:00\",\"dateModified\":\"2025-11-14T11:55:37+00:00\",\"description\":\"Olen Silja Ker\u00e4nen, Vihreiden puoluevaltuuskunnan puheenjohtaja. Diplomi-insin\u00f6\u00f6ri. Kainuulainen vihre\u00e4 poliitikko.\",\"breadcrumb\":{\"@id\":\"https:\\\/\\\/siljakeranen.fi\\\/blogi\\\/henkilo\\\/#breadcrumb\"},\"inLanguage\":\"fi\",\"potentialAction\":[{\"@type\":\"ReadAction\",\"target\":[\"https:\\\/\\\/siljakeranen.fi\\\/blogi\\\/henkilo\\\/\"]}]},{\"@type\":\"ImageObject\",\"inLanguage\":\"fi\",\"@id\":\"https:\\\/\\\/siljakeranen.fi\\\/blogi\\\/henkilo\\\/#primaryimage\",\"url\":\"https:\\\/\\\/siljakeranen.fi\\\/blogi\\\/wp-content\\\/uploads\\\/2022\\\/10\\\/3L3A1804-e1665852640351.jpg\",\"contentUrl\":\"https:\\\/\\\/siljakeranen.fi\\\/blogi\\\/wp-content\\\/uploads\\\/2022\\\/10\\\/3L3A1804-e1665852640351.jpg\",\"width\":2048,\"height\":1365,\"caption\":\"Silja Ker\u00e4nen\"},{\"@type\":\"BreadcrumbList\",\"@id\":\"https:\\\/\\\/siljakeranen.fi\\\/blogi\\\/henkilo\\\/#breadcrumb\",\"itemListElement\":[{\"@type\":\"ListItem\",\"position\":1,\"name\":\"Etusivu\",\"item\":\"https:\\\/\\\/siljakeranen.fi\\\/blogi\\\/\"},{\"@type\":\"ListItem\",\"position\":2,\"name\":\"Kuka olen\"}]},{\"@type\":\"WebSite\",\"@id\":\"https:\\\/\\\/siljakeranen.fi\\\/blogi\\\/#website\",\"url\":\"https:\\\/\\\/siljakeranen.fi\\\/blogi\\\/\",\"name\":\"Silja Ker\u00e4nen\",\"description\":\"Silja Ker\u00e4nen, kainuulainen vihre\u00e4 poliitikko\",\"publisher\":{\"@id\":\"https:\\\/\\\/siljakeranen.fi\\\/blogi\\\/#\\\/schema\\\/person\\\/d43605ef0d5681c1b27a4ba1fede1cf4\"},\"potentialAction\":[{\"@type\":\"SearchAction\",\"target\":{\"@type\":\"EntryPoint\",\"urlTemplate\":\"https:\\\/\\\/siljakeranen.fi\\\/blogi\\\/?s={search_term_string}\"},\"query-input\":{\"@type\":\"PropertyValueSpecification\",\"valueRequired\":true,\"valueName\":\"search_term_string\"}}],\"inLanguage\":\"fi\"},{\"@type\":[\"Person\",\"Organization\"],\"@id\":\"https:\\\/\\\/siljakeranen.fi\\\/blogi\\\/#\\\/schema\\\/person\\\/d43605ef0d5681c1b27a4ba1fede1cf4\",\"name\":\"Silja\",\"image\":{\"@type\":\"ImageObject\",\"inLanguage\":\"fi\",\"@id\":\"https:\\\/\\\/siljakeranen.fi\\\/blogi\\\/wp-content\\\/uploads\\\/2023\\\/01\\\/cropped-silja_250x100.png\",\"url\":\"https:\\\/\\\/siljakeranen.fi\\\/blogi\\\/wp-content\\\/uploads\\\/2023\\\/01\\\/cropped-silja_250x100.png\",\"contentUrl\":\"https:\\\/\\\/siljakeranen.fi\\\/blogi\\\/wp-content\\\/uploads\\\/2023\\\/01\\\/cropped-silja_250x100.png\",\"width\":250,\"height\":100,\"caption\":\"Silja\"},\"logo\":{\"@id\":\"https:\\\/\\\/siljakeranen.fi\\\/blogi\\\/wp-content\\\/uploads\\\/2023\\\/01\\\/cropped-silja_250x100.png\"},\"sameAs\":[\"http:\\\/\\\/www.siljakeranen.fi\",\"https:\\\/\\\/www.facebook.com\\\/siljamkeranen\",\"https:\\\/\\\/www.instagram.com\\\/siljakeranen\\\/\",\"https:\\\/\\\/www.linkedin.com\\\/in\\\/silja-kernen-4331b548\\\/\",\"https:\\\/\\\/x.com\\\/https:\\\/\\\/twitter.com\\\/SiljaMP\",\"https:\\\/\\\/www.youtube.com\\\/channel\\\/UC0MWeuoWP4-Mjs1z8pIv3GQ\",\"https:\\\/\\\/fi.wikipedia.org\\\/wiki\\\/Silja_Kernen\"]}]}<\/script>\n<!-- \/ Yoast SEO plugin. -->","yoast_head_json":{"title":"Kuka olen - Silja Ker\u00e4nen","description":"Olen Silja Ker\u00e4nen, Vihreiden puoluevaltuuskunnan puheenjohtaja. Diplomi-insin\u00f6\u00f6ri. Kainuulainen vihre\u00e4 poliitikko.","robots":{"index":"index","follow":"follow","max-snippet":"max-snippet:-1","max-image-preview":"max-image-preview:large","max-video-preview":"max-video-preview:-1"},"canonical":"https:\/\/siljakeranen.fi\/blogi\/henkilo\/","og_locale":"fi_FI","og_type":"article","og_title":"Kuka olen - Silja Ker\u00e4nen","og_description":"Olen Silja Ker\u00e4nen, Vihreiden puoluevaltuuskunnan puheenjohtaja. Diplomi-insin\u00f6\u00f6ri. Kainuulainen vihre\u00e4 poliitikko.","og_url":"https:\/\/siljakeranen.fi\/blogi\/henkilo\/","og_site_name":"Silja Ker\u00e4nen","article_publisher":"https:\/\/www.facebook.com\/siljamkeranen","article_modified_time":"2025-11-14T11:55:37+00:00","og_image":[{"width":2048,"height":1365,"url":"https:\/\/siljakeranen.fi\/blogi\/wp-content\/uploads\/2022\/10\/3L3A1804-e1665852640351.jpg","type":"image\/jpeg"}],"twitter_card":"summary_large_image","twitter_site":"@SiljaMP","twitter_misc":{"Arvioitu lukuaika":"5 minuuttia"},"schema":{"@context":"https:\/\/schema.org","@graph":[{"@type":"WebPage","@id":"https:\/\/siljakeranen.fi\/blogi\/henkilo\/","url":"https:\/\/siljakeranen.fi\/blogi\/henkilo\/","name":"Kuka olen - Silja Ker\u00e4nen","isPartOf":{"@id":"https:\/\/siljakeranen.fi\/blogi\/#website"},"primaryImageOfPage":{"@id":"https:\/\/siljakeranen.fi\/blogi\/henkilo\/#primaryimage"},"image":{"@id":"https:\/\/siljakeranen.fi\/blogi\/henkilo\/#primaryimage"},"thumbnailUrl":"https:\/\/siljakeranen.fi\/blogi\/wp-content\/uploads\/2022\/10\/3L3A1804-e1665852640351.jpg","datePublished":"2012-08-27T02:56:09+00:00","dateModified":"2025-11-14T11:55:37+00:00","description":"Olen Silja Ker\u00e4nen, Vihreiden puoluevaltuuskunnan puheenjohtaja. Diplomi-insin\u00f6\u00f6ri. Kainuulainen vihre\u00e4 poliitikko.","breadcrumb":{"@id":"https:\/\/siljakeranen.fi\/blogi\/henkilo\/#breadcrumb"},"inLanguage":"fi","potentialAction":[{"@type":"ReadAction","target":["https:\/\/siljakeranen.fi\/blogi\/henkilo\/"]}]},{"@type":"ImageObject","inLanguage":"fi","@id":"https:\/\/siljakeranen.fi\/blogi\/henkilo\/#primaryimage","url":"https:\/\/siljakeranen.fi\/blogi\/wp-content\/uploads\/2022\/10\/3L3A1804-e1665852640351.jpg","contentUrl":"https:\/\/siljakeranen.fi\/blogi\/wp-content\/uploads\/2022\/10\/3L3A1804-e1665852640351.jpg","width":2048,"height":1365,"caption":"Silja Ker\u00e4nen"},{"@type":"BreadcrumbList","@id":"https:\/\/siljakeranen.fi\/blogi\/henkilo\/#breadcrumb","itemListElement":[{"@type":"ListItem","position":1,"name":"Etusivu","item":"https:\/\/siljakeranen.fi\/blogi\/"},{"@type":"ListItem","position":2,"name":"Kuka olen"}]},{"@type":"WebSite","@id":"https:\/\/siljakeranen.fi\/blogi\/#website","url":"https:\/\/siljakeranen.fi\/blogi\/","name":"Silja Ker\u00e4nen","description":"Silja Ker\u00e4nen, kainuulainen vihre\u00e4 poliitikko","publisher":{"@id":"https:\/\/siljakeranen.fi\/blogi\/#\/schema\/person\/d43605ef0d5681c1b27a4ba1fede1cf4"},"potentialAction":[{"@type":"SearchAction","target":{"@type":"EntryPoint","urlTemplate":"https:\/\/siljakeranen.fi\/blogi\/?s={search_term_string}"},"query-input":{"@type":"PropertyValueSpecification","valueRequired":true,"valueName":"search_term_string"}}],"inLanguage":"fi"},{"@type":["Person","Organization"],"@id":"https:\/\/siljakeranen.fi\/blogi\/#\/schema\/person\/d43605ef0d5681c1b27a4ba1fede1cf4","name":"Silja","image":{"@type":"ImageObject","inLanguage":"fi","@id":"https:\/\/siljakeranen.fi\/blogi\/wp-content\/uploads\/2023\/01\/cropped-silja_250x100.png","url":"https:\/\/siljakeranen.fi\/blogi\/wp-content\/uploads\/2023\/01\/cropped-silja_250x100.png","contentUrl":"https:\/\/siljakeranen.fi\/blogi\/wp-content\/uploads\/2023\/01\/cropped-silja_250x100.png","width":250,"height":100,"caption":"Silja"},"logo":{"@id":"https:\/\/siljakeranen.fi\/blogi\/wp-content\/uploads\/2023\/01\/cropped-silja_250x100.png"},"sameAs":["http:\/\/www.siljakeranen.fi","https:\/\/www.facebook.com\/siljamkeranen","https:\/\/www.instagram.com\/siljakeranen\/","https:\/\/www.linkedin.com\/in\/silja-kernen-4331b548\/","https:\/\/x.com\/https:\/\/twitter.com\/SiljaMP","https:\/\/www.youtube.com\/channel\/UC0MWeuoWP4-Mjs1z8pIv3GQ","https:\/\/fi.wikipedia.org\/wiki\/Silja_Kernen"]}]}},"_links":{"self":[{"href":"https:\/\/siljakeranen.fi\/blogi\/wp-json\/wp\/v2\/pages\/7","targetHints":{"allow":["GET"]}}],"collection":[{"href":"https:\/\/siljakeranen.fi\/blogi\/wp-json\/wp\/v2\/pages"}],"about":[{"href":"https:\/\/siljakeranen.fi\/blogi\/wp-json\/wp\/v2\/types\/page"}],"author":[{"embeddable":true,"href":"https:\/\/siljakeranen.fi\/blogi\/wp-json\/wp\/v2\/users\/1"}],"replies":[{"embeddable":true,"href":"https:\/\/siljakeranen.fi\/blogi\/wp-json\/wp\/v2\/comments?post=7"}],"version-history":[{"count":77,"href":"https:\/\/siljakeranen.fi\/blogi\/wp-json\/wp\/v2\/pages\/7\/revisions"}],"predecessor-version":[{"id":3131,"href":"https:\/\/siljakeranen.fi\/blogi\/wp-json\/wp\/v2\/pages\/7\/revisions\/3131"}],"wp:featuredmedia":[{"embeddable":true,"href":"https:\/\/siljakeranen.fi\/blogi\/wp-json\/wp\/v2\/media\/2406"}],"wp:attachment":[{"href":"https:\/\/siljakeranen.fi\/blogi\/wp-json\/wp\/v2\/media?parent=7"}],"curies":[{"name":"wp","href":"https:\/\/api.w.org\/{rel}","templated":true}]}}